{"id":391,"date":"2023-08-15T21:40:37","date_gmt":"2023-08-15T21:40:37","guid":{"rendered":"https:\/\/civik.es\/?page_id=391"},"modified":"2023-08-15T21:41:21","modified_gmt":"2023-08-15T21:41:21","slug":"las-leyes-de-la-magia-brandon-sanderson","status":"publish","type":"page","link":"https:\/\/civik.es\/index.php\/las-leyes-de-la-magia-brandon-sanderson\/","title":{"rendered":"LAS LEYES DE LA MAGIA (Brandon Sanderson)"},"content":{"rendered":"\n<p class=\"has-text-align-center\"><a href=\"https:\/\/www.amazon.es\/Curso-escritura-creativa-Sine-Qua\/dp\/8466671897\/ref=sr_1_1?keywords=curso+de+escritura+creativa+brandon+sanderson&amp;qid=1691329999&amp;sprefix=curso+de+es%2Caps%2C108&amp;sr=8-1\" target=\"_blank\" rel=\"noreferrer noopener\"><em>Curso de escritura creativa (Brandon Sanderson<\/em><\/a>)<\/p>\n\n\n<div class=\"wp-block-image\">\n<figure class=\"aligncenter size-medium is-resized\"><img loading=\"lazy\" decoding=\"async\" src=\"https:\/\/civik.es\/wp-content\/uploads\/2023\/08\/IMG_20230804_153742-4-225x300.jpg\" alt=\"LAS LEYES DE LA MAGIA (Brandon Sanderson)\" class=\"wp-image-383\" style=\"object-fit:cover;width:77px;height:103px\" width=\"77\" height=\"103\" srcset=\"https:\/\/civik.es\/wp-content\/uploads\/2023\/08\/IMG_20230804_153742-4-225x300.jpg 225w, https:\/\/civik.es\/wp-content\/uploads\/2023\/08\/IMG_20230804_153742-4-768x1024.jpg 768w, https:\/\/civik.es\/wp-content\/uploads\/2023\/08\/IMG_20230804_153742-4-1152x1536.jpg 1152w, https:\/\/civik.es\/wp-content\/uploads\/2023\/08\/IMG_20230804_153742-4-1536x2048.jpg 1536w, https:\/\/civik.es\/wp-content\/uploads\/2023\/08\/IMG_20230804_153742-4-300x400.jpg 300w, https:\/\/civik.es\/wp-content\/uploads\/2023\/08\/IMG_20230804_153742-4-850x1133.jpg 850w, https:\/\/civik.es\/wp-content\/uploads\/2023\/08\/IMG_20230804_153742-4-scaled.jpg 1920w\" sizes=\"auto, (max-width: 77px) 100vw, 77px\" \/><\/figure>\n<\/div>\n\n\n<p><strong><u>La primera ley de Sanderson<\/u><\/strong>: <\/p>\n\n\n\n<p>La capacidad de un escritor para resolver un problema por medio de la magia de manera efectiva, es directamente proporcional a lo bien que el lector haya comprendido dicha magia.<\/p>\n\n\n\n<p><strong><u>La segunda ley de Sanderson<\/u><\/strong>: <\/p>\n\n\n\n<p>Despu\u00e9s de todo, la aportaci\u00f3n m\u00e1s original que se puede aportar a una historia es la perspectiva, y eso es algo que pertenece exclusivamente al escritor. Conviene \u00abjugar\u00bb un poco con los textos para hacerlos un poco m\u00e1s tuyos. Estas leyes pueden ayudar, pero los defectos, las limitaciones y los costes son m\u00e1s interesantes que los propios poderes.<\/p>\n\n\n\n<p><strong><u>Defectos, limitaciones y costes<\/u><\/strong>: <\/p>\n\n\n\n<p>Los defectos son b\u00e1sicamente, cosas que un personaje podr\u00eda cambiar, o magia que no comprende en ese momento y que podr\u00eda resolver con un poco m\u00e1s de evoluci\u00f3n del personaje. Limitaci\u00f3n, simplemente, como su nombre indica, es la limitaci\u00f3n que tiene la propia magia. Se tiene en cuenta a la hora de usarla, pero no se intenta arreglar. Con respecto al coste, lo puedes establecer de antemano y, si tu personaje toma ese camino, le resultar\u00e1 muy dif\u00edcil y tendr\u00e1 un coste y eso crea una tensi\u00f3n muy satisfactoria. As\u00ed, al crear sistemas de magia siempre es buena idea que te hagas preguntas sobre el coste de dicha magia.<\/p>\n\n\n\n<p><strong><u>La tercera ley de Sanderson<\/u><\/strong>:<\/p>\n\n\n\n<p>Antes de a\u00f1adir algo nuevo, intenta ampliar lo que ya tienes. La ideas es profundizar sobre un concepto y sus diferentes formas o ramas, en lugar de meter todo lo que se nos pase por la cabeza en un libro. Si escribes una saga extensa de fantas\u00eda \u00e9pica, lo m\u00e1s probable es que tengas que hacer esto varias veces, pero no hay tiempo de dedicarse a eso, as\u00ed que, en vez de eso, finge que se realiza, es decir, al crear una ambientaci\u00f3n, solo establece lo que sea absolutamente necesario para la trama, la parte del iceberg que se ve sobre el agua. As\u00ed, se deja entrever que hay algo m\u00e1s aunque no se muestre. Muchas veces basta con hacer esto.<\/p>\n\n\n\n<p><strong><u>La ley cero de Sanderson<\/u><\/strong>:<\/p>\n\n\n\n<p>Incide siempre en lo interesante. Empieza pro la idea interesante y luego desarrolla lo dem\u00e1s hacia atr\u00e1s, de modo que todo dependa de esa idea.<\/p>\n","protected":false},"excerpt":{"rendered":"<p>Curso de escritura creativa (Brandon Sanderson) La primera ley de Sanderson: La capacidad de un escritor para resolver un problema por medio de la magia de manera efectiva, es directamente proporcional a lo bien que el lector haya comprendido dicha magia. La segunda ley de Sanderson: Despu\u00e9s de todo, la aportaci\u00f3n m\u00e1s original que se&hellip;&nbsp;<a href=\"https:\/\/civik.es\/index.php\/las-leyes-de-la-magia-brandon-sanderson\/\" class=\"\" rel=\"bookmark\">Leer m\u00e1s &raquo;<span class=\"screen-reader-text\">LAS LEYES DE LA MAGIA (Brandon Sanderson)<\/span><\/a><\/p>\n","protected":false},"author":1,"featured_media":0,"parent":0,"menu_order":0,"comment_status":"closed","ping_status":"closed","template":"","meta":{"_eb_attr":"","neve_meta_sidebar":"","neve_meta_container":"","neve_meta_enable_content_width":"","neve_meta_content_width":0,"neve_meta_title_alignment":"","neve_meta_author_avatar":"","neve_post_elements_order":"","neve_meta_disable_header":"","neve_meta_disable_footer":"","neve_meta_disable_title":"","_themeisle_gutenberg_block_has_review":false,"footnotes":""},"class_list":["post-391","page","type-page","status-publish","hentry"],"yoast_head":"<!-- This site is optimized with the Yoast SEO plugin v27.5 - https:\/\/yoast.com\/product\/yoast-seo-wordpress\/ -->\n<title>LAS LEYES DE LA MAGIA (Brandon Sanderson) - A.L. Gallego<\/title>\n<meta name=\"description\" content=\"LAS LEYES DE LA MAGIA (Brandon Sanderson): Despu\u00e9s de todo, la aportaci\u00f3n m\u00e1s original que se puede aportar a una historia es la perspectiva.\" \/>\n<meta name=\"robots\" content=\"index, follow, max-snippet:-1, max-image-preview:large, max-video-preview:-1\" \/>\n<link rel=\"canonical\" href=\"https:\/\/civik.es\/index.php\/las-leyes-de-la-magia-brandon-sanderson\/\" \/>\n<meta property=\"og:locale\" content=\"es_ES\" \/>\n<meta property=\"og:type\" content=\"article\" \/>\n<meta property=\"og:title\" content=\"LAS LEYES DE LA MAGIA (Brandon Sanderson) - A.L. Gallego\" \/>\n<meta property=\"og:description\" content=\"LAS LEYES DE LA MAGIA (Brandon Sanderson): Despu\u00e9s de todo, la aportaci\u00f3n m\u00e1s original que se puede aportar a una historia es la perspectiva.\" \/>\n<meta property=\"og:url\" content=\"https:\/\/civik.es\/index.php\/las-leyes-de-la-magia-brandon-sanderson\/\" \/>\n<meta property=\"og:site_name\" content=\"A.L. Gallego\" \/>\n<meta property=\"article:modified_time\" content=\"2023-08-15T21:41:21+00:00\" \/>\n<meta property=\"og:image\" content=\"https:\/\/civik.es\/wp-content\/uploads\/2023\/08\/IMG_20230804_153742-4-225x300.jpg\" \/>\n<meta name=\"twitter:card\" content=\"summary_large_image\" \/>\n<meta name=\"twitter:site\" content=\"@Civikoficial\" \/>\n<meta name=\"twitter:label1\" content=\"Tiempo de lectura\" \/>\n\t<meta name=\"twitter:data1\" content=\"2 minutos\" \/>\n<script type=\"application\/ld+json\" class=\"yoast-schema-graph\">{\"@context\":\"https:\\\/\\\/schema.org\",\"@graph\":[{\"@type\":\"WebPage\",\"@id\":\"https:\\\/\\\/civik.es\\\/index.php\\\/las-leyes-de-la-magia-brandon-sanderson\\\/\",\"url\":\"https:\\\/\\\/civik.es\\\/index.php\\\/las-leyes-de-la-magia-brandon-sanderson\\\/\",\"name\":\"LAS LEYES DE LA MAGIA (Brandon Sanderson) - A.L. Gallego\",\"isPartOf\":{\"@id\":\"https:\\\/\\\/civik.es\\\/#website\"},\"primaryImageOfPage\":{\"@id\":\"https:\\\/\\\/civik.es\\\/index.php\\\/las-leyes-de-la-magia-brandon-sanderson\\\/#primaryimage\"},\"image\":{\"@id\":\"https:\\\/\\\/civik.es\\\/index.php\\\/las-leyes-de-la-magia-brandon-sanderson\\\/#primaryimage\"},\"thumbnailUrl\":\"https:\\\/\\\/civik.es\\\/wp-content\\\/uploads\\\/2023\\\/08\\\/IMG_20230804_153742-4-225x300.jpg\",\"datePublished\":\"2023-08-15T21:40:37+00:00\",\"dateModified\":\"2023-08-15T21:41:21+00:00\",\"description\":\"LAS LEYES DE LA MAGIA (Brandon Sanderson): Despu\u00e9s de todo, la aportaci\u00f3n m\u00e1s original que se puede aportar a una historia es la perspectiva.\",\"breadcrumb\":{\"@id\":\"https:\\\/\\\/civik.es\\\/index.php\\\/las-leyes-de-la-magia-brandon-sanderson\\\/#breadcrumb\"},\"inLanguage\":\"es\",\"potentialAction\":[{\"@type\":\"ReadAction\",\"target\":[\"https:\\\/\\\/civik.es\\\/index.php\\\/las-leyes-de-la-magia-brandon-sanderson\\\/\"]}]},{\"@type\":\"ImageObject\",\"inLanguage\":\"es\",\"@id\":\"https:\\\/\\\/civik.es\\\/index.php\\\/las-leyes-de-la-magia-brandon-sanderson\\\/#primaryimage\",\"url\":\"https:\\\/\\\/civik.es\\\/wp-content\\\/uploads\\\/2023\\\/08\\\/IMG_20230804_153742-4-scaled.jpg\",\"contentUrl\":\"https:\\\/\\\/civik.es\\\/wp-content\\\/uploads\\\/2023\\\/08\\\/IMG_20230804_153742-4-scaled.jpg\",\"width\":1920,\"height\":2560},{\"@type\":\"BreadcrumbList\",\"@id\":\"https:\\\/\\\/civik.es\\\/index.php\\\/las-leyes-de-la-magia-brandon-sanderson\\\/#breadcrumb\",\"itemListElement\":[{\"@type\":\"ListItem\",\"position\":1,\"name\":\"Portada\",\"item\":\"https:\\\/\\\/civik.es\\\/\"},{\"@type\":\"ListItem\",\"position\":2,\"name\":\"LAS LEYES DE LA MAGIA (Brandon Sanderson)\"}]},{\"@type\":\"WebSite\",\"@id\":\"https:\\\/\\\/civik.es\\\/#website\",\"url\":\"https:\\\/\\\/civik.es\\\/\",\"name\":\"A.L. Gallego\",\"description\":\"&quot;Escritor de fantas\u00eda ligera para adultos que buscan escapar del mundo real.&quot;\",\"publisher\":{\"@id\":\"https:\\\/\\\/civik.es\\\/#\\\/schema\\\/person\\\/b22ef9dba23952d42910a444454e6e60\"},\"alternateName\":\"Novelas\",\"potentialAction\":[{\"@type\":\"SearchAction\",\"target\":{\"@type\":\"EntryPoint\",\"urlTemplate\":\"https:\\\/\\\/civik.es\\\/?s={search_term_string}\"},\"query-input\":{\"@type\":\"PropertyValueSpecification\",\"valueRequired\":true,\"valueName\":\"search_term_string\"}}],\"inLanguage\":\"es\"},{\"@type\":[\"Person\",\"Organization\"],\"@id\":\"https:\\\/\\\/civik.es\\\/#\\\/schema\\\/person\\\/b22ef9dba23952d42910a444454e6e60\",\"name\":\"A.L. gallego\",\"image\":{\"@type\":\"ImageObject\",\"inLanguage\":\"es\",\"@id\":\"https:\\\/\\\/civik.es\\\/wp-content\\\/uploads\\\/2024\\\/03\\\/cropped-dream_TradingCard32123132.jpg\",\"url\":\"https:\\\/\\\/civik.es\\\/wp-content\\\/uploads\\\/2024\\\/03\\\/cropped-dream_TradingCard32123132.jpg\",\"contentUrl\":\"https:\\\/\\\/civik.es\\\/wp-content\\\/uploads\\\/2024\\\/03\\\/cropped-dream_TradingCard32123132.jpg\",\"width\":512,\"height\":512,\"caption\":\"A.L. gallego\"},\"logo\":{\"@id\":\"https:\\\/\\\/civik.es\\\/wp-content\\\/uploads\\\/2024\\\/03\\\/cropped-dream_TradingCard32123132.jpg\"},\"sameAs\":[\"http:\\\/\\\/civik.es\",\"Civikoficial\",\"https:\\\/\\\/x.com\\\/Civikoficial\"]}]}<\/script>\n<!-- \/ Yoast SEO plugin. -->","yoast_head_json":{"title":"LAS LEYES DE LA MAGIA (Brandon Sanderson) - A.L. Gallego","description":"LAS LEYES DE LA MAGIA (Brandon Sanderson): Despu\u00e9s de todo, la aportaci\u00f3n m\u00e1s original que se puede aportar a una historia es la perspectiva.","robots":{"index":"index","follow":"follow","max-snippet":"max-snippet:-1","max-image-preview":"max-image-preview:large","max-video-preview":"max-video-preview:-1"},"canonical":"https:\/\/civik.es\/index.php\/las-leyes-de-la-magia-brandon-sanderson\/","og_locale":"es_ES","og_type":"article","og_title":"LAS LEYES DE LA MAGIA (Brandon Sanderson) - A.L. Gallego","og_description":"LAS LEYES DE LA MAGIA (Brandon Sanderson): Despu\u00e9s de todo, la aportaci\u00f3n m\u00e1s original que se puede aportar a una historia es la perspectiva.","og_url":"https:\/\/civik.es\/index.php\/las-leyes-de-la-magia-brandon-sanderson\/","og_site_name":"A.L. Gallego","article_modified_time":"2023-08-15T21:41:21+00:00","og_image":[{"url":"https:\/\/civik.es\/wp-content\/uploads\/2023\/08\/IMG_20230804_153742-4-225x300.jpg","type":"","width":"","height":""}],"twitter_card":"summary_large_image","twitter_site":"@Civikoficial","twitter_misc":{"Tiempo de lectura":"2 minutos"},"schema":{"@context":"https:\/\/schema.org","@graph":[{"@type":"WebPage","@id":"https:\/\/civik.es\/index.php\/las-leyes-de-la-magia-brandon-sanderson\/","url":"https:\/\/civik.es\/index.php\/las-leyes-de-la-magia-brandon-sanderson\/","name":"LAS LEYES DE LA MAGIA (Brandon Sanderson) - A.L. Gallego","isPartOf":{"@id":"https:\/\/civik.es\/#website"},"primaryImageOfPage":{"@id":"https:\/\/civik.es\/index.php\/las-leyes-de-la-magia-brandon-sanderson\/#primaryimage"},"image":{"@id":"https:\/\/civik.es\/index.php\/las-leyes-de-la-magia-brandon-sanderson\/#primaryimage"},"thumbnailUrl":"https:\/\/civik.es\/wp-content\/uploads\/2023\/08\/IMG_20230804_153742-4-225x300.jpg","datePublished":"2023-08-15T21:40:37+00:00","dateModified":"2023-08-15T21:41:21+00:00","description":"LAS LEYES DE LA MAGIA (Brandon Sanderson): Despu\u00e9s de todo, la aportaci\u00f3n m\u00e1s original que se puede aportar a una historia es la perspectiva.","breadcrumb":{"@id":"https:\/\/civik.es\/index.php\/las-leyes-de-la-magia-brandon-sanderson\/#breadcrumb"},"inLanguage":"es","potentialAction":[{"@type":"ReadAction","target":["https:\/\/civik.es\/index.php\/las-leyes-de-la-magia-brandon-sanderson\/"]}]},{"@type":"ImageObject","inLanguage":"es","@id":"https:\/\/civik.es\/index.php\/las-leyes-de-la-magia-brandon-sanderson\/#primaryimage","url":"https:\/\/civik.es\/wp-content\/uploads\/2023\/08\/IMG_20230804_153742-4-scaled.jpg","contentUrl":"https:\/\/civik.es\/wp-content\/uploads\/2023\/08\/IMG_20230804_153742-4-scaled.jpg","width":1920,"height":2560},{"@type":"BreadcrumbList","@id":"https:\/\/civik.es\/index.php\/las-leyes-de-la-magia-brandon-sanderson\/#breadcrumb","itemListElement":[{"@type":"ListItem","position":1,"name":"Portada","item":"https:\/\/civik.es\/"},{"@type":"ListItem","position":2,"name":"LAS LEYES DE LA MAGIA (Brandon Sanderson)"}]},{"@type":"WebSite","@id":"https:\/\/civik.es\/#website","url":"https:\/\/civik.es\/","name":"A.L. Gallego","description":"&quot;Escritor de fantas\u00eda ligera para adultos que buscan escapar del mundo real.&quot;","publisher":{"@id":"https:\/\/civik.es\/#\/schema\/person\/b22ef9dba23952d42910a444454e6e60"},"alternateName":"Novelas","potentialAction":[{"@type":"SearchAction","target":{"@type":"EntryPoint","urlTemplate":"https:\/\/civik.es\/?s={search_term_string}"},"query-input":{"@type":"PropertyValueSpecification","valueRequired":true,"valueName":"search_term_string"}}],"inLanguage":"es"},{"@type":["Person","Organization"],"@id":"https:\/\/civik.es\/#\/schema\/person\/b22ef9dba23952d42910a444454e6e60","name":"A.L. gallego","image":{"@type":"ImageObject","inLanguage":"es","@id":"https:\/\/civik.es\/wp-content\/uploads\/2024\/03\/cropped-dream_TradingCard32123132.jpg","url":"https:\/\/civik.es\/wp-content\/uploads\/2024\/03\/cropped-dream_TradingCard32123132.jpg","contentUrl":"https:\/\/civik.es\/wp-content\/uploads\/2024\/03\/cropped-dream_TradingCard32123132.jpg","width":512,"height":512,"caption":"A.L. gallego"},"logo":{"@id":"https:\/\/civik.es\/wp-content\/uploads\/2024\/03\/cropped-dream_TradingCard32123132.jpg"},"sameAs":["http:\/\/civik.es","Civikoficial","https:\/\/x.com\/Civikoficial"]}]}},"_links":{"self":[{"href":"https:\/\/civik.es\/index.php\/wp-json\/wp\/v2\/pages\/391","targetHints":{"allow":["GET"]}}],"collection":[{"href":"https:\/\/civik.es\/index.php\/wp-json\/wp\/v2\/pages"}],"about":[{"href":"https:\/\/civik.es\/index.php\/wp-json\/wp\/v2\/types\/page"}],"author":[{"embeddable":true,"href":"https:\/\/civik.es\/index.php\/wp-json\/wp\/v2\/users\/1"}],"replies":[{"embeddable":true,"href":"https:\/\/civik.es\/index.php\/wp-json\/wp\/v2\/comments?post=391"}],"version-history":[{"count":4,"href":"https:\/\/civik.es\/index.php\/wp-json\/wp\/v2\/pages\/391\/revisions"}],"predecessor-version":[{"id":396,"href":"https:\/\/civik.es\/index.php\/wp-json\/wp\/v2\/pages\/391\/revisions\/396"}],"wp:attachment":[{"href":"https:\/\/civik.es\/index.php\/wp-json\/wp\/v2\/media?parent=391"}],"curies":[{"name":"wp","href":"https:\/\/api.w.org\/{rel}","templated":true}]}}