{"id":402,"date":"2023-08-24T10:18:19","date_gmt":"2023-08-24T10:18:19","guid":{"rendered":"https:\/\/civik.es\/?page_id=402"},"modified":"2023-08-24T10:18:20","modified_gmt":"2023-08-24T10:18:20","slug":"como-crear-un-mundo","status":"publish","type":"page","link":"https:\/\/civik.es\/index.php\/como-crear-un-mundo\/","title":{"rendered":"COMO CREAR UN MUNDO"},"content":{"rendered":"\n<p class=\"has-text-align-center\"><a href=\"https:\/\/www.amazon.es\/Curso-escritura-creativa-Sine-Qua\/dp\/8466671897\/ref=sr_1_1?keywords=curso+de+escritura+creativa+brandon+sanderson&amp;qid=1691329999&amp;sprefix=curso+de+es%2Caps%2C108&amp;sr=8-1\" target=\"_blank\" rel=\"noreferrer noopener\"><em>Curso de escritura creativa (Brandon Sanderson)<\/em><\/a><\/p>\n\n\n<div class=\"wp-block-image\">\n<figure class=\"aligncenter size-large is-resized\"><img loading=\"lazy\" decoding=\"async\" src=\"https:\/\/civik.es\/wp-content\/uploads\/2023\/08\/IMG_20230804_153742-3-768x1024.jpg\" alt=\"COMO CREAR UN MUNDO\" class=\"wp-image-378\" style=\"object-fit:cover;width:77px;height:103px\" width=\"77\" height=\"103\" srcset=\"https:\/\/civik.es\/wp-content\/uploads\/2023\/08\/IMG_20230804_153742-3-768x1024.jpg 768w, https:\/\/civik.es\/wp-content\/uploads\/2023\/08\/IMG_20230804_153742-3-225x300.jpg 225w, https:\/\/civik.es\/wp-content\/uploads\/2023\/08\/IMG_20230804_153742-3-1152x1536.jpg 1152w, https:\/\/civik.es\/wp-content\/uploads\/2023\/08\/IMG_20230804_153742-3-1536x2048.jpg 1536w, https:\/\/civik.es\/wp-content\/uploads\/2023\/08\/IMG_20230804_153742-3-300x400.jpg 300w, https:\/\/civik.es\/wp-content\/uploads\/2023\/08\/IMG_20230804_153742-3-850x1133.jpg 850w, https:\/\/civik.es\/wp-content\/uploads\/2023\/08\/IMG_20230804_153742-3-scaled.jpg 1920w\" sizes=\"auto, (max-width: 77px) 100vw, 77px\" \/><\/figure>\n<\/div>\n\n\n<p>De las partes que componen nuestra novela, la mejor inversi\u00f3n de tiempo recae en aprender a crear personajes, no solo cre\u00edbles, sino interesantes y cautivadores; la segunda inversi\u00f3n corresponde a la construcci\u00f3n de la trama y la tercera, a la creaci\u00f3n de la ambientaci\u00f3n.<\/p>\n\n\n\n<p><strong><u>La ambientaci\u00f3n como servicio de la historia:<\/u><\/strong><\/p>\n\n\n\n<p>Lo m\u00e1s importante es que no sea una sucesi\u00f3n de carteles que uno mira de camino a la verdadera historia. Hay que evitar que eso pase.<\/p>\n\n\n\n<p>Se debe tener un cuidado especial con el volcado de informaci\u00f3n. Cuando se domina la transmisi\u00f3n de informaci\u00f3n, esto facilitar\u00e1 que la obra sea aceptada por un agente literario. De modo que se debe explicar el mundo sin llegar a aburrir al lector. Debido a la dificultad para realizar esto \u00faltimo, Sanderson nos propone algunos trucos. El primero, como ya se ha dicho anteriormente, es pensar que el mundo y su construcci\u00f3n est\u00e1 al servicio de la historia y de la creaci\u00f3n de los personajes. La intenci\u00f3n debe ser facilitar al lector m\u00e1s informaci\u00f3n sobre el personaje, y, casi como efecto secundario, hablar de la ambientaci\u00f3n. La entradas de enciclopedia es lo que debemos evitar. Una de las formas, es pasar esa informaci\u00f3n a di\u00e1logos. Pero cuidado con esto \u00faltimo, pues podemos caer en el problema llamado \u201cconversaci\u00f3n de doncella y mayordomo\u201d. En otras palabras, entre ellos se cuentan cosas que ambos ya sabes.<\/p>\n\n\n\n<p>Una de las lecciones m\u00e1s valiosas es la \u201cpir\u00e1mide de abstracci\u00f3n\u201d. Consiste en imaginar las descripciones como una pir\u00e1mide, y el objetivo es construir una buena base para esa pir\u00e1mide, de modo que afiance al lector en la historia. De este modo, cuando empecemos a hablar de conceptos m\u00e1s abstractos, es m\u00e1s f\u00e1cil entrar en la mente del personaje y que empiece a hacer lo que llamamos \u201cmirarse el ombligo\u201d; es decir, ponerse a pensar del estilo: \u201cVaya, hombre, tengo un mont\u00f3n de problemas, as\u00ed que voy a enunciarlos uno por uno para que t\u00fa, lector, seas consciente de que soy consciente de que los tengo\u201d. Cada vez que hag\u00e1is algo as\u00ed sacareis al lector de la historia.<\/p>\n\n\n\n<p>Observar\u00e9is que, con mucha frecuencia, us\u00e1is demasiados \u201cmuy\u201d y dec\u00eds: \u201cestaba muy enfadado\u201d en vez de \u201cestaba iracundo\u201d, \u201ciracundo\u201d est\u00e1 m\u00e1s bajo que \u201cmuy enfadado\u201d y adem\u00e1s son menos palabras. Cada vez que pod\u00e1is descender y usar menos palabras, os interesar\u00e1 el cambio. Tambi\u00e9n, al revisar, encontrar\u00e9is modificadores que en realidad no aportan significado, como \u201cun poco\u201d. Al revisar os encontrareis muchos detalles como este, que pod\u00e9is eliminar sin ning\u00fan coste a la hora de ascender o descender en la pir\u00e1mide de abstracci\u00f3n. Si aprend\u00e9is a hacer esto, afianzareis al lector en un mundo que de una sensaci\u00f3n de realidad. Por eso, en muchas ocasiones, es mejor empezar el relato con el personaje protagonista en una situaci\u00f3n en la que quiere algo, aunque no est\u00e9 relacionado con la trama principal. En ese escena, poder incluir elementos del mundo que sean necesarios para el actuar del personaje, de modo que la narrativa atrape al lector y lo sit\u00faa en la posici\u00f3n correcta en el mundo antes de proporcionarle m\u00e1s datos sobre la ambientaci\u00f3n.<\/p>\n\n\n\n<p>Por poner un ejemplo: La primera vez que un protagonista usa la magia en serio, corto antes y no llega a mostrarse la escena ya que, en ese momento, necesitar\u00eda volcar al lector gran cantidad de informaci\u00f3n sobre el mundo, y funciona mejor si la reservo para cuando el lector ya est\u00e9 m\u00e1s metido en la ambientaci\u00f3n y conozca a los personajes. As\u00ed que, como consejo; aprender a hacer una narraci\u00f3n m\u00e1s concreta transmitiendo vuestro mundo a trav\u00e9s de los ojos de vuestros personajes.<\/p>\n\n\n\n<p><strong><u>\u00bfDir\u00edas que una forma de saber si es conveniente empezar una historia explicando la ambientaci\u00f3n es que la escena sea al menos tan emocionante como expositiva?<\/u><\/strong><strong><u><\/u><\/strong><\/p>\n\n\n\n<p>Una novela de fantas\u00eda no suele ser una mala idea si quieres empezar con la magia, siempre que se haga a trav\u00e9s de los ojos de un personaje que quiera cumplir un objetivo que est\u00e9 relacionado con la magia. Puede haber un problema o un obst\u00e1culo que el personaje resuelva por medio de una peque\u00f1a muestra de magia, de esta forma evidencia que hay un mundo entero de magia m\u00e1s all\u00e1. La descripci\u00f3n que se haga es esa escena de una parte limitada de la magia sugerir\u00e1 al lector que hay un mundo m\u00e1s grande que explorar como ya hemos dicho, pero que es mejor que antes domine una parte de ella. Esto puede ser una manera estupenda de empezar una historia.<\/p>\n\n\n\n<p><strong><u>\u201cIluminar el hueco\u201d: <\/u><\/strong>Consiste en que el personaje exponga que entiende algo y le respondan \u201cno hay tiempo de explicaciones, pero esto es lo que necesitas sabe por ahora\u201d. Funciona muy bien. Pero no debemos abusar, pues frustraremos al lector.<\/p>\n\n\n\n<p><strong><u>\u201cAmbientaci\u00f3n f\u00edsica y ambientaci\u00f3n cultural\u201d: <\/u><\/strong>La ambientaci\u00f3n f\u00edsica abarca todo lo que existir\u00eda si no hubiera seres pensantes en el planeta. Clima, actividad s\u00edsmica, el mapa del mundo, la flora, la fauna, color del cielo, cosmolog\u00eda y muchos m\u00e1s detalles. La ambientaci\u00f3n cultural es, la religi\u00f3n, gobiernos, econom\u00edas, etc.<\/p>\n\n\n\n<p>Para lograr una buena ambientaci\u00f3n en este sentido, har\u00e1 falta ser \u201cefectivos\u201d y eso aplica a que ya no podr\u00e9is detallar cada libro con todos los elementos que hab\u00e9is incluido en vuestro listado sobre la ambientaci\u00f3n. A modo de ayuda, Sanderson empieza por un elemento de la lista de ambientaci\u00f3n f\u00edsica. A continuaci\u00f3n, elige unos cuantos elemento de la ambientaci\u00f3n cultural para centrarse en ellos.<\/p>\n\n\n\n<p><strong><u>Consistencia interna y externa:<\/u><\/strong> A modo de ejemplo: si un personaje se pone un anillo y se vuelve invisible, el lector debe poder predecir qu\u00e9 suceder\u00e1 lo mismo la pr\u00f3xima vez que se lo ponga. En la consistencia externa, el autor trata de explicar la ambientaci\u00f3n de su obra de un modo que tenga sentido para un lector que comprenda el funcionamiento de la f\u00edsica y las leyes que rigen el universo.<\/p>\n\n\n\n<p>El equilibrio entre la consistencia interna y externa puede ayudar a crear un sistema de magia que no parezca serlo, y eso se consigue convenciendo al lector de que as\u00ed es como funciona el universo. Pero, existe la posibilidad de que la consistencia interna de una ambientaci\u00f3n entre en conflicto con la externa. A modo de ejemplo, Sanderson escribi\u00f3 una historia en la que nadie montaba a caballo, a lo que todos en su grupo de escritura dijeron \u201c\u00bfQu\u00e9 tontos, porque a nadie se le ocurre probar a subir encima?\u201d. Al autor le cost\u00f3 mucho trabajo convencer a sus lectores de que era realista, que la gente no montaba a caballo porque de hacerlo da\u00f1ar\u00edan a los animales. Los lectores ten\u00edan metida en la cabeza la idea de que los caballos son animales que se montan y, por tanto, con consciencia interna de su ambientaci\u00f3n, por muy l\u00f3gica que fuera, incumpl\u00eda la normativa externa.<\/p>\n","protected":false},"excerpt":{"rendered":"<p>Curso de escritura creativa (Brandon Sanderson) De las partes que componen nuestra novela, la mejor inversi\u00f3n de tiempo recae en aprender a crear personajes, no solo cre\u00edbles, sino interesantes y cautivadores; la segunda inversi\u00f3n corresponde a la construcci\u00f3n de la trama y la tercera, a la creaci\u00f3n de la ambientaci\u00f3n. La ambientaci\u00f3n como servicio de&hellip;&nbsp;<a href=\"https:\/\/civik.es\/index.php\/como-crear-un-mundo\/\" class=\"\" rel=\"bookmark\">Leer m\u00e1s &raquo;<span class=\"screen-reader-text\">COMO CREAR UN MUNDO<\/span><\/a><\/p>\n","protected":false},"author":1,"featured_media":0,"parent":0,"menu_order":0,"comment_status":"closed","ping_status":"closed","template":"","meta":{"_eb_attr":"","neve_meta_sidebar":"","neve_meta_container":"","neve_meta_enable_content_width":"","neve_meta_content_width":0,"neve_meta_title_alignment":"","neve_meta_author_avatar":"","neve_post_elements_order":"","neve_meta_disable_header":"","neve_meta_disable_footer":"","neve_meta_disable_title":"","_themeisle_gutenberg_block_has_review":false,"footnotes":""},"class_list":["post-402","page","type-page","status-publish","hentry"],"yoast_head":"<!-- This site is optimized with the Yoast SEO plugin v27.5 - https:\/\/yoast.com\/product\/yoast-seo-wordpress\/ -->\n<title>COMO CREAR UN MUNDO - A.L. Gallego<\/title>\n<meta name=\"description\" content=\"COMO CREAR UN MUNDO: De las partes que componen nuestra novela, la mejor inversi\u00f3n de tiempo recae en aprender a crear personajes.\" \/>\n<meta name=\"robots\" content=\"index, follow, max-snippet:-1, max-image-preview:large, max-video-preview:-1\" \/>\n<link rel=\"canonical\" href=\"https:\/\/civik.es\/index.php\/como-crear-un-mundo\/\" \/>\n<meta property=\"og:locale\" content=\"es_ES\" \/>\n<meta property=\"og:type\" content=\"article\" \/>\n<meta property=\"og:title\" content=\"COMO CREAR UN MUNDO - A.L. Gallego\" \/>\n<meta property=\"og:description\" content=\"COMO CREAR UN MUNDO: De las partes que componen nuestra novela, la mejor inversi\u00f3n de tiempo recae en aprender a crear personajes.\" \/>\n<meta property=\"og:url\" content=\"https:\/\/civik.es\/index.php\/como-crear-un-mundo\/\" \/>\n<meta property=\"og:site_name\" content=\"A.L. Gallego\" \/>\n<meta property=\"article:modified_time\" content=\"2023-08-24T10:18:20+00:00\" \/>\n<meta property=\"og:image\" content=\"https:\/\/civik.es\/wp-content\/uploads\/2023\/08\/IMG_20230804_153742-3-768x1024.jpg\" \/>\n<meta name=\"twitter:card\" content=\"summary_large_image\" \/>\n<meta name=\"twitter:site\" content=\"@Civikoficial\" \/>\n<meta name=\"twitter:label1\" content=\"Tiempo de lectura\" \/>\n\t<meta name=\"twitter:data1\" content=\"6 minutos\" \/>\n<script type=\"application\/ld+json\" class=\"yoast-schema-graph\">{\"@context\":\"https:\\\/\\\/schema.org\",\"@graph\":[{\"@type\":\"WebPage\",\"@id\":\"https:\\\/\\\/civik.es\\\/index.php\\\/como-crear-un-mundo\\\/\",\"url\":\"https:\\\/\\\/civik.es\\\/index.php\\\/como-crear-un-mundo\\\/\",\"name\":\"COMO CREAR UN MUNDO - A.L. Gallego\",\"isPartOf\":{\"@id\":\"https:\\\/\\\/civik.es\\\/#website\"},\"primaryImageOfPage\":{\"@id\":\"https:\\\/\\\/civik.es\\\/index.php\\\/como-crear-un-mundo\\\/#primaryimage\"},\"image\":{\"@id\":\"https:\\\/\\\/civik.es\\\/index.php\\\/como-crear-un-mundo\\\/#primaryimage\"},\"thumbnailUrl\":\"https:\\\/\\\/civik.es\\\/wp-content\\\/uploads\\\/2023\\\/08\\\/IMG_20230804_153742-3-768x1024.jpg\",\"datePublished\":\"2023-08-24T10:18:19+00:00\",\"dateModified\":\"2023-08-24T10:18:20+00:00\",\"description\":\"COMO CREAR UN MUNDO: De las partes que componen nuestra novela, la mejor inversi\u00f3n de tiempo recae en aprender a crear personajes.\",\"breadcrumb\":{\"@id\":\"https:\\\/\\\/civik.es\\\/index.php\\\/como-crear-un-mundo\\\/#breadcrumb\"},\"inLanguage\":\"es\",\"potentialAction\":[{\"@type\":\"ReadAction\",\"target\":[\"https:\\\/\\\/civik.es\\\/index.php\\\/como-crear-un-mundo\\\/\"]}]},{\"@type\":\"ImageObject\",\"inLanguage\":\"es\",\"@id\":\"https:\\\/\\\/civik.es\\\/index.php\\\/como-crear-un-mundo\\\/#primaryimage\",\"url\":\"https:\\\/\\\/civik.es\\\/wp-content\\\/uploads\\\/2023\\\/08\\\/IMG_20230804_153742-3-scaled.jpg\",\"contentUrl\":\"https:\\\/\\\/civik.es\\\/wp-content\\\/uploads\\\/2023\\\/08\\\/IMG_20230804_153742-3-scaled.jpg\",\"width\":1920,\"height\":2560},{\"@type\":\"BreadcrumbList\",\"@id\":\"https:\\\/\\\/civik.es\\\/index.php\\\/como-crear-un-mundo\\\/#breadcrumb\",\"itemListElement\":[{\"@type\":\"ListItem\",\"position\":1,\"name\":\"Portada\",\"item\":\"https:\\\/\\\/civik.es\\\/\"},{\"@type\":\"ListItem\",\"position\":2,\"name\":\"COMO CREAR UN MUNDO\"}]},{\"@type\":\"WebSite\",\"@id\":\"https:\\\/\\\/civik.es\\\/#website\",\"url\":\"https:\\\/\\\/civik.es\\\/\",\"name\":\"A.L. Gallego\",\"description\":\"&quot;Escritor de fantas\u00eda ligera para adultos que buscan escapar del mundo real.&quot;\",\"publisher\":{\"@id\":\"https:\\\/\\\/civik.es\\\/#\\\/schema\\\/person\\\/b22ef9dba23952d42910a444454e6e60\"},\"alternateName\":\"Novelas\",\"potentialAction\":[{\"@type\":\"SearchAction\",\"target\":{\"@type\":\"EntryPoint\",\"urlTemplate\":\"https:\\\/\\\/civik.es\\\/?s={search_term_string}\"},\"query-input\":{\"@type\":\"PropertyValueSpecification\",\"valueRequired\":true,\"valueName\":\"search_term_string\"}}],\"inLanguage\":\"es\"},{\"@type\":[\"Person\",\"Organization\"],\"@id\":\"https:\\\/\\\/civik.es\\\/#\\\/schema\\\/person\\\/b22ef9dba23952d42910a444454e6e60\",\"name\":\"A.L. gallego\",\"image\":{\"@type\":\"ImageObject\",\"inLanguage\":\"es\",\"@id\":\"https:\\\/\\\/civik.es\\\/wp-content\\\/uploads\\\/2024\\\/03\\\/cropped-dream_TradingCard32123132.jpg\",\"url\":\"https:\\\/\\\/civik.es\\\/wp-content\\\/uploads\\\/2024\\\/03\\\/cropped-dream_TradingCard32123132.jpg\",\"contentUrl\":\"https:\\\/\\\/civik.es\\\/wp-content\\\/uploads\\\/2024\\\/03\\\/cropped-dream_TradingCard32123132.jpg\",\"width\":512,\"height\":512,\"caption\":\"A.L. gallego\"},\"logo\":{\"@id\":\"https:\\\/\\\/civik.es\\\/wp-content\\\/uploads\\\/2024\\\/03\\\/cropped-dream_TradingCard32123132.jpg\"},\"sameAs\":[\"http:\\\/\\\/civik.es\",\"Civikoficial\",\"https:\\\/\\\/x.com\\\/Civikoficial\"]}]}<\/script>\n<!-- \/ Yoast SEO plugin. -->","yoast_head_json":{"title":"COMO CREAR UN MUNDO - A.L. Gallego","description":"COMO CREAR UN MUNDO: De las partes que componen nuestra novela, la mejor inversi\u00f3n de tiempo recae en aprender a crear personajes.","robots":{"index":"index","follow":"follow","max-snippet":"max-snippet:-1","max-image-preview":"max-image-preview:large","max-video-preview":"max-video-preview:-1"},"canonical":"https:\/\/civik.es\/index.php\/como-crear-un-mundo\/","og_locale":"es_ES","og_type":"article","og_title":"COMO CREAR UN MUNDO - A.L. Gallego","og_description":"COMO CREAR UN MUNDO: De las partes que componen nuestra novela, la mejor inversi\u00f3n de tiempo recae en aprender a crear personajes.","og_url":"https:\/\/civik.es\/index.php\/como-crear-un-mundo\/","og_site_name":"A.L. Gallego","article_modified_time":"2023-08-24T10:18:20+00:00","og_image":[{"url":"https:\/\/civik.es\/wp-content\/uploads\/2023\/08\/IMG_20230804_153742-3-768x1024.jpg","type":"","width":"","height":""}],"twitter_card":"summary_large_image","twitter_site":"@Civikoficial","twitter_misc":{"Tiempo de lectura":"6 minutos"},"schema":{"@context":"https:\/\/schema.org","@graph":[{"@type":"WebPage","@id":"https:\/\/civik.es\/index.php\/como-crear-un-mundo\/","url":"https:\/\/civik.es\/index.php\/como-crear-un-mundo\/","name":"COMO CREAR UN MUNDO - A.L. Gallego","isPartOf":{"@id":"https:\/\/civik.es\/#website"},"primaryImageOfPage":{"@id":"https:\/\/civik.es\/index.php\/como-crear-un-mundo\/#primaryimage"},"image":{"@id":"https:\/\/civik.es\/index.php\/como-crear-un-mundo\/#primaryimage"},"thumbnailUrl":"https:\/\/civik.es\/wp-content\/uploads\/2023\/08\/IMG_20230804_153742-3-768x1024.jpg","datePublished":"2023-08-24T10:18:19+00:00","dateModified":"2023-08-24T10:18:20+00:00","description":"COMO CREAR UN MUNDO: De las partes que componen nuestra novela, la mejor inversi\u00f3n de tiempo recae en aprender a crear personajes.","breadcrumb":{"@id":"https:\/\/civik.es\/index.php\/como-crear-un-mundo\/#breadcrumb"},"inLanguage":"es","potentialAction":[{"@type":"ReadAction","target":["https:\/\/civik.es\/index.php\/como-crear-un-mundo\/"]}]},{"@type":"ImageObject","inLanguage":"es","@id":"https:\/\/civik.es\/index.php\/como-crear-un-mundo\/#primaryimage","url":"https:\/\/civik.es\/wp-content\/uploads\/2023\/08\/IMG_20230804_153742-3-scaled.jpg","contentUrl":"https:\/\/civik.es\/wp-content\/uploads\/2023\/08\/IMG_20230804_153742-3-scaled.jpg","width":1920,"height":2560},{"@type":"BreadcrumbList","@id":"https:\/\/civik.es\/index.php\/como-crear-un-mundo\/#breadcrumb","itemListElement":[{"@type":"ListItem","position":1,"name":"Portada","item":"https:\/\/civik.es\/"},{"@type":"ListItem","position":2,"name":"COMO CREAR UN MUNDO"}]},{"@type":"WebSite","@id":"https:\/\/civik.es\/#website","url":"https:\/\/civik.es\/","name":"A.L. Gallego","description":"&quot;Escritor de fantas\u00eda ligera para adultos que buscan escapar del mundo real.&quot;","publisher":{"@id":"https:\/\/civik.es\/#\/schema\/person\/b22ef9dba23952d42910a444454e6e60"},"alternateName":"Novelas","potentialAction":[{"@type":"SearchAction","target":{"@type":"EntryPoint","urlTemplate":"https:\/\/civik.es\/?s={search_term_string}"},"query-input":{"@type":"PropertyValueSpecification","valueRequired":true,"valueName":"search_term_string"}}],"inLanguage":"es"},{"@type":["Person","Organization"],"@id":"https:\/\/civik.es\/#\/schema\/person\/b22ef9dba23952d42910a444454e6e60","name":"A.L. gallego","image":{"@type":"ImageObject","inLanguage":"es","@id":"https:\/\/civik.es\/wp-content\/uploads\/2024\/03\/cropped-dream_TradingCard32123132.jpg","url":"https:\/\/civik.es\/wp-content\/uploads\/2024\/03\/cropped-dream_TradingCard32123132.jpg","contentUrl":"https:\/\/civik.es\/wp-content\/uploads\/2024\/03\/cropped-dream_TradingCard32123132.jpg","width":512,"height":512,"caption":"A.L. gallego"},"logo":{"@id":"https:\/\/civik.es\/wp-content\/uploads\/2024\/03\/cropped-dream_TradingCard32123132.jpg"},"sameAs":["http:\/\/civik.es","Civikoficial","https:\/\/x.com\/Civikoficial"]}]}},"_links":{"self":[{"href":"https:\/\/civik.es\/index.php\/wp-json\/wp\/v2\/pages\/402","targetHints":{"allow":["GET"]}}],"collection":[{"href":"https:\/\/civik.es\/index.php\/wp-json\/wp\/v2\/pages"}],"about":[{"href":"https:\/\/civik.es\/index.php\/wp-json\/wp\/v2\/types\/page"}],"author":[{"embeddable":true,"href":"https:\/\/civik.es\/index.php\/wp-json\/wp\/v2\/users\/1"}],"replies":[{"embeddable":true,"href":"https:\/\/civik.es\/index.php\/wp-json\/wp\/v2\/comments?post=402"}],"version-history":[{"count":2,"href":"https:\/\/civik.es\/index.php\/wp-json\/wp\/v2\/pages\/402\/revisions"}],"predecessor-version":[{"id":404,"href":"https:\/\/civik.es\/index.php\/wp-json\/wp\/v2\/pages\/402\/revisions\/404"}],"wp:attachment":[{"href":"https:\/\/civik.es\/index.php\/wp-json\/wp\/v2\/media?parent=402"}],"curies":[{"name":"wp","href":"https:\/\/api.w.org\/{rel}","templated":true}]}}