{"id":410,"date":"2023-09-03T20:10:33","date_gmt":"2023-09-03T20:10:33","guid":{"rendered":"https:\/\/civik.es\/?page_id=410"},"modified":"2023-09-03T20:10:34","modified_gmt":"2023-09-03T20:10:34","slug":"como-crear-un-personaje","status":"publish","type":"page","link":"https:\/\/civik.es\/index.php\/como-crear-un-personaje\/","title":{"rendered":"COMO CREAR UN PERSONAJE"},"content":{"rendered":"\n<p class=\"has-text-align-center\"><a href=\"https:\/\/www.amazon.es\/Curso-escritura-creativa-Sine-Qua\/dp\/8466671897\/ref=sr_1_1?keywords=curso+de+escritura+creativa+brandon+sanderson&amp;qid=1691329999&amp;sprefix=curso+de+es%2Caps%2C108&amp;sr=8-1\" target=\"_blank\" rel=\"noreferrer noopener\"><em>Curso de escritura creativa (Brandon Sanderson)<\/em><\/a><\/p>\n\n\n<div class=\"wp-block-image\">\n<figure class=\"aligncenter size-large is-resized\"><img loading=\"lazy\" decoding=\"async\" src=\"https:\/\/civik.es\/wp-content\/uploads\/2023\/08\/IMG_20230804_153742-3-768x1024.jpg\" alt=\"COMO CREAR UN PERSONAJE\" class=\"wp-image-378\" style=\"object-fit:cover;width:77px;height:103px\" width=\"77\" height=\"103\" srcset=\"https:\/\/civik.es\/wp-content\/uploads\/2023\/08\/IMG_20230804_153742-3-768x1024.jpg 768w, https:\/\/civik.es\/wp-content\/uploads\/2023\/08\/IMG_20230804_153742-3-225x300.jpg 225w, https:\/\/civik.es\/wp-content\/uploads\/2023\/08\/IMG_20230804_153742-3-1152x1536.jpg 1152w, https:\/\/civik.es\/wp-content\/uploads\/2023\/08\/IMG_20230804_153742-3-1536x2048.jpg 1536w, https:\/\/civik.es\/wp-content\/uploads\/2023\/08\/IMG_20230804_153742-3-300x400.jpg 300w, https:\/\/civik.es\/wp-content\/uploads\/2023\/08\/IMG_20230804_153742-3-850x1133.jpg 850w, https:\/\/civik.es\/wp-content\/uploads\/2023\/08\/IMG_20230804_153742-3-scaled.jpg 1920w\" sizes=\"auto, (max-width: 77px) 100vw, 77px\" \/><\/figure>\n<\/div>\n\n\n<p>\u00bfC\u00f3mo conseguir que a la gente le gusten mis personajes? \u00bfC\u00f3mo habr\u00eda alguien que quisiera leer mi historia? En el fondo, todo se reduce al mismo motivo por el que se emplea un personaje protagonista en las historias. Lo primero que hace un personaje en favor de la historia, es despertar la empat\u00eda. Para enganchar al lector con vuestra historia, le tienen que importar vuestros personajes. Un sistema de magia nunca ser\u00e1 m\u00e1s interesante que las personas que lo utilicen. En general una secuencia de acci\u00f3n carecer\u00e1 de sentido si al lector no le importa quien vive y quien muere. Lo normal en una historia es que, si no importa quien sobrevive o quien muere, la escena de acci\u00f3n pierde gran parte de su impacto. Yo(Sanderson) suelo planificar la ambientaci\u00f3n y la trama antes, pero con los personajes tiendo a hacer aducciones; es decir, pruebo a escribir a un personaje en el mundo que tengo creado a medida que escribo cu\u00e1les son sus pasiones, sus sue\u00f1os y esperanzas. Si funciona; sigo hacia delante y ese personaje se queda en la novela. Si no funciona, retiro el personaje y pruebo otro. As\u00ed que, vengan de donde vengan vuestros personajes, como escritores noveles lo primero que os interesa ofrecer al lector son unos personajes que despierten empat\u00eda, y a los que quiera apoyar y ver progresar.<\/p>\n\n\n\n<p><strong><u>Empat\u00eda, apoyo y progreso<\/u><\/strong>: <strong>La empat\u00eda<\/strong> hacia un personaje puede ejecutarse desde <strong>varios \u00e1ngulos<\/strong>, por ejemplo, mostrando que se parece a nosotros en algunos aspectos: si el lector se siente cercano a ese personaje, desarrollar\u00e1 una empat\u00eda inmediata hacia \u00e9l. <strong>Otro m\u00e9todo<\/strong> consiste en hacer que el personaje sea amable. La idea es que cuando un personaje resulta agradable, cuando muestra compasi\u00f3n humana y otros rasgos positivos, es m\u00e1s f\u00e1cil despertar la empat\u00eda.<\/p>\n\n\n\n<p><strong>Otro recurso<\/strong> para despertar la empat\u00eda hacia un personaje es mostrar que cae bien a otra gente. &nbsp;<\/p>\n\n\n\n<p><strong>Apoyo<\/strong>: poner al lector del lado del personaje.  Mostrar que lo que el personaje quiere nos interesa: es decir, le damos una buena motivaci\u00f3n. Hoy un motivo para que la expresi\u00f3n \u201cahora es personal\u201d se haya convertido en un clich\u00e9 narrativo, y es que muchas veces ese anhelo del personaje que provoca el apoyo del lector ser\u00e1 tambi\u00e9n su conexi\u00f3n con la trama de la historia.<\/p>\n\n\n\n<p><strong>Progreso: <\/strong>Insinuar que el personaje cambiar\u00e1. Esto se puede lograr mostrando uno de sus defectos, o insinuando el viaje que llevar\u00e1 a cabo. En muchas ocasiones, el motor de ese progreso ser\u00e1 una sensaci\u00f3n de misterio, una pregunta.<\/p>\n\n\n\n<p>Muchos personajes pod\u00edan describirse seg\u00fan sus puntaciones en tres escalas distintas: la simpat\u00eda, la resoluci\u00f3n y la capacidad. No es que la capacidad sea debido a lo bueno que es alguien con la espada. Cuando hablo de motivaciones no me refiero a los objetivos. Cuando se logra un objetivo, la historia termina, pero las motivaciones contin\u00faan. Y como autor, con \u00e9stas \u00faltimas es mucho mas f\u00e1cil trasmitir al lector qui\u00e9n es de verdad el personaje. Los objetivos quiz\u00e1 cambien, pero las motivaciones forman parte de la esencia del personaje. Cuando consider\u00e9 las tres dimensiones: simpat\u00eda, determinaci\u00f3n y habilidades, me percat\u00e9 de que pod\u00eda manipular el avance o retroceso de los personajes en cualquiera de ellas para infundir a la trama una impresi\u00f3n de dinamismo y desarrollo. Por ejemplo, un personaje que cada vez es menos simp\u00e1tico puede protagonizar una historia muy interesante, y muy distinta al caso contrario, que es m\u00e1s habitual. El movimiento de los personajes a lo largo de esas escalas es un indicador del tipo de narrativa que compone una historia. Tambi\u00e9n decir que el movimiento en estas escalas, no es obligatorio.<\/p>\n\n\n\n<p>Las narraciones prosperan gracias a la percepci\u00f3n de avance. Las tramas se desarrollan al mostrar cambios en los acontecimientos. Por lo tanto, deber\u00e1n determinar si las transformaciones en sus personajes ser\u00e1n el incentivo para que los lectores contin\u00faen avanzando en las p\u00e1ginas, o si saturar\u00e1n las habilidades de sus personajes para brindar el espect\u00e1culo de individuos altamente competentes realizando haza\u00f1as impresionantes. Estos son dos enfoques narrativos diferentes.<\/p>\n\n\n\n<p class=\"has-text-align-center\"><strong><u>\u00bfC\u00f3mo se puede perfilar y hacer interesante un personaje en cuya mente no entramos, si los personajes con punto de vista no conocen sus motivaciones o las malinterpretan?:<\/u><\/strong><\/p>\n\n\n\n<p>Lo que deben evitar a toda costa es lo siguiente: En ocasiones, puede ocurrir si mencionan algo sumamente intrigante pero solo de manera superficial, sin proporcionar suficiente contexto. En ese momento, el lector no puede apartar ese pensamiento de su mente. Aunque se trate de un peque\u00f1o detalle, lo desconecta cada vez m\u00e1s de la historia y lo lleva a cuestionar c\u00f3mo es posible que los autores no hayan advertido esa incongruencia. Recuerdo una ocasi\u00f3n en la que le\u00ed la historia de un estudiante en la que apu\u00f1alaban a alguien en la mano, y luego el personaje segu\u00eda dialogando con otro sobre algo que no ten\u00eda ninguna relaci\u00f3n. Yo pensaba: \u00abLa sangre est\u00e1 llenando el suelo. No puedo prestar atenci\u00f3n a esa conversaci\u00f3n, por m\u00e1s importante que sea, \u00a1porque el personaje se est\u00e1 desangrando!\u00bb<\/p>\n\n\n\n<p class=\"has-text-align-center\"><strong><u>\u00bfQu\u00e9 implica para una historia a\u00f1adir un nuevo personaje con punto de vista?<\/u><\/strong><\/p>\n\n\n\n<p>En t\u00e9rminos generales, la cantidad de personajes que tengan un punto de vista en una novela tendr\u00e1 un impacto significativo en su extensi\u00f3n. Es importante recordar que un personaje con punto de vista es aquel a trav\u00e9s del cual el lector experimenta la narrativa. En una historia narrada en primera persona, ser\u00eda el \u00abyo\u00bb, y puede haber varios \u00abyos\u00bb. En el caso del narrador omnisciente limitado, que es el enfoque que m\u00e1s utilizo, el personaje con punto de vista es la perspectiva desde la cual se cuenta la historia. Sin embargo, cada vez que entran en la mente de un personaje, deben establecer un v\u00ednculo emocional con el lector, ya sea de simpat\u00eda o antipat\u00eda. Es necesario presentar al personaje al lector y mostrar c\u00f3mo ve el mundo, lo cual requiere m\u00e1s palabras que si utilizan a un personaje con punto de vista preexistente.<\/p>\n\n\n\n<p>Si desean que un personaje tenga un papel destacado en la trama, tendr\u00e1n que desarrollar uno o varios arcos narrativos para \u00e9l y escribir una secuencia de escenas desde su punto de vista que muestre su esfuerzo por alcanzar sus objetivos o experimentar alg\u00fan tipo de transformaci\u00f3n.<\/p>\n\n\n\n<p class=\"has-text-align-center\"><strong><u>\u00bfC\u00f3mo se crea una buena motivaci\u00f3n par aun villano?<\/u><\/strong><\/p>\n\n\n\n<p>Para lograr que un antagonista sea efectivo, es esencial proporcionarle motivaciones cre\u00edbles, al igual que har\u00edan con el protagonista, pero estas deben entrar en conflicto con los objetivos del personaje principal.<\/p>\n\n\n\n<p class=\"has-text-align-center\"><strong><u>\u00bfC\u00f3mo puedo crear un villano emblem\u00e1tico que sea aterrador, pero sin caer en el clich\u00e9?<\/u><\/strong><\/p>\n\n\n\n<p>En la actualidad, es poco recomendable que el villano se entregue a un mon\u00f3logo. Un villano se convierte en un estereotipo cuando se reduce a un personaje unidimensional que persigue un \u00fanico objetivo. Evitar esta trampa es bastante sencillo si invierten tiempo en dotar al villano de motivaciones interesantes y aplican las herramientas necesarias para construirlo como un personaje complejo. Cuanto m\u00e1s tiempo dediquen al desarrollo del villano, m\u00e1s rica y fundamentada podr\u00e1 ser su motivaci\u00f3n, explor\u00e1ndola desde diversas perspectivas.<\/p>\n\n\n\n<p class=\"has-text-align-center\"><strong><u>\u00bfC\u00f3mo se escribe un personaje que no comprende sus propias motivaciones o que se miente a s\u00ed mismo?<\/u><\/strong><\/p>\n\n\n\n<p>Las primeras impresiones desempe\u00f1an un papel crucial. Si revelan que un personaje posee una gran determinaci\u00f3n en su campo pero no se considera lo suficientemente competente para enfrentarse al mundo, el lector creer\u00e1 en lo que ven, no en lo que el personaje dice. Si aseguran que lo que se muestra contradice el autopercepci\u00f3n del personaje, estar\u00e1n transmitiendo que este no se conoce a s\u00ed mismo adecuadamente.<\/p>\n\n\n\n<p>Otra opci\u00f3n es permitir que otro personaje en quien el lector conf\u00eda, un narrador fiable, le hable con sinceridad al personaje. Si el lector presencia esto y empatiza con la situaci\u00f3n, entender\u00e1 que el personaje debe aprender y cambiar.<\/p>\n\n\n\n<p class=\"has-text-align-center\"><strong><u>Defectos, limitaciones y desventajas:<\/u><\/strong><\/p>\n\n\n\n<p>Uno de los aspectos m\u00e1s fascinantes de los personajes y de los seres humanos en general es que tendemos a ser muy vers\u00e1tiles y a menudo albergamos motivaciones en conflicto que nos arrastran en direcciones opuestas. Esto le sucede a todos. Tal vez tienen una responsabilidad hacia su familia y las expectativas que esta tiene de ustedes, pero tambi\u00e9n sienten una especie de llamado interno; desean ser novelistas en lugar de m\u00e9dicos, como me sucedi\u00f3 a m\u00ed. En muchas ocasiones, el choque entre estas responsabilidades familiares y deseos personales crea conflictos internos. Si logran mostrar este conflicto en sus personajes, el lector no percibir\u00e1 que act\u00faan en contra de sus motivaciones, sino que lo entender\u00e1 y conectar\u00e1 con ellos.<\/p>\n\n\n\n<p>Cuando el estado emocional de un personaje no cambia, el p\u00fablico tiende a perder inter\u00e9s a menos que se utilice otro recurso para mostrar progreso. Aqu\u00ed radica el problema m\u00e1s importante. A medida que construyan sus personajes, es fundamental esforzarse por dotarlos de mayor inter\u00e9s y singularidad. Por lo tanto, al crear sus personajes, les recomiendo que consideren sus limitaciones, defectos y desventajas, y se pregunten c\u00f3mo pueden utilizarlos para generar motivaci\u00f3n en el personaje.<\/p>\n","protected":false},"excerpt":{"rendered":"<p>Curso de escritura creativa (Brandon Sanderson) \u00bfC\u00f3mo conseguir que a la gente le gusten mis personajes? \u00bfC\u00f3mo habr\u00eda alguien que quisiera leer mi historia? En el fondo, todo se reduce al mismo motivo por el que se emplea un personaje protagonista en las historias. Lo primero que hace un personaje en favor de la historia,&hellip;&nbsp;<a href=\"https:\/\/civik.es\/index.php\/como-crear-un-personaje\/\" class=\"\" rel=\"bookmark\">Leer m\u00e1s &raquo;<span class=\"screen-reader-text\">COMO CREAR UN PERSONAJE<\/span><\/a><\/p>\n","protected":false},"author":1,"featured_media":0,"parent":0,"menu_order":0,"comment_status":"closed","ping_status":"closed","template":"","meta":{"_eb_attr":"","neve_meta_sidebar":"","neve_meta_container":"","neve_meta_enable_content_width":"","neve_meta_content_width":0,"neve_meta_title_alignment":"","neve_meta_author_avatar":"","neve_post_elements_order":"","neve_meta_disable_header":"","neve_meta_disable_footer":"","neve_meta_disable_title":"","_themeisle_gutenberg_block_has_review":false,"footnotes":""},"class_list":["post-410","page","type-page","status-publish","hentry"],"yoast_head":"<!-- This site is optimized with the Yoast SEO plugin v27.5 - https:\/\/yoast.com\/product\/yoast-seo-wordpress\/ -->\n<title>COMO CREAR UN PERSONAJE - A.L. Gallego<\/title>\n<meta name=\"description\" content=\"COMO CREAR UN PERSONAJE: \u00bfC\u00f3mo conseguir que a la gente le gusten mis personajes? \u00bfC\u00f3mo habr\u00eda alguien que quisiera leer mi historia?\" \/>\n<meta name=\"robots\" content=\"index, follow, max-snippet:-1, max-image-preview:large, max-video-preview:-1\" \/>\n<link rel=\"canonical\" href=\"https:\/\/civik.es\/index.php\/como-crear-un-personaje\/\" \/>\n<meta property=\"og:locale\" content=\"es_ES\" \/>\n<meta property=\"og:type\" content=\"article\" \/>\n<meta property=\"og:title\" content=\"COMO CREAR UN PERSONAJE - A.L. Gallego\" \/>\n<meta property=\"og:description\" content=\"COMO CREAR UN PERSONAJE: \u00bfC\u00f3mo conseguir que a la gente le gusten mis personajes? \u00bfC\u00f3mo habr\u00eda alguien que quisiera leer mi historia?\" \/>\n<meta property=\"og:url\" content=\"https:\/\/civik.es\/index.php\/como-crear-un-personaje\/\" \/>\n<meta property=\"og:site_name\" content=\"A.L. Gallego\" \/>\n<meta property=\"article:modified_time\" content=\"2023-09-03T20:10:34+00:00\" \/>\n<meta property=\"og:image\" content=\"https:\/\/civik.es\/wp-content\/uploads\/2023\/08\/IMG_20230804_153742-3-768x1024.jpg\" \/>\n<meta name=\"twitter:card\" content=\"summary_large_image\" \/>\n<meta name=\"twitter:site\" content=\"@Civikoficial\" \/>\n<meta name=\"twitter:label1\" content=\"Tiempo de lectura\" \/>\n\t<meta name=\"twitter:data1\" content=\"8 minutos\" \/>\n<script type=\"application\/ld+json\" class=\"yoast-schema-graph\">{\"@context\":\"https:\\\/\\\/schema.org\",\"@graph\":[{\"@type\":\"WebPage\",\"@id\":\"https:\\\/\\\/civik.es\\\/index.php\\\/como-crear-un-personaje\\\/\",\"url\":\"https:\\\/\\\/civik.es\\\/index.php\\\/como-crear-un-personaje\\\/\",\"name\":\"COMO CREAR UN PERSONAJE - A.L. Gallego\",\"isPartOf\":{\"@id\":\"https:\\\/\\\/civik.es\\\/#website\"},\"primaryImageOfPage\":{\"@id\":\"https:\\\/\\\/civik.es\\\/index.php\\\/como-crear-un-personaje\\\/#primaryimage\"},\"image\":{\"@id\":\"https:\\\/\\\/civik.es\\\/index.php\\\/como-crear-un-personaje\\\/#primaryimage\"},\"thumbnailUrl\":\"https:\\\/\\\/civik.es\\\/wp-content\\\/uploads\\\/2023\\\/08\\\/IMG_20230804_153742-3-768x1024.jpg\",\"datePublished\":\"2023-09-03T20:10:33+00:00\",\"dateModified\":\"2023-09-03T20:10:34+00:00\",\"description\":\"COMO CREAR UN PERSONAJE: \u00bfC\u00f3mo conseguir que a la gente le gusten mis personajes? \u00bfC\u00f3mo habr\u00eda alguien que quisiera leer mi historia?\",\"breadcrumb\":{\"@id\":\"https:\\\/\\\/civik.es\\\/index.php\\\/como-crear-un-personaje\\\/#breadcrumb\"},\"inLanguage\":\"es\",\"potentialAction\":[{\"@type\":\"ReadAction\",\"target\":[\"https:\\\/\\\/civik.es\\\/index.php\\\/como-crear-un-personaje\\\/\"]}]},{\"@type\":\"ImageObject\",\"inLanguage\":\"es\",\"@id\":\"https:\\\/\\\/civik.es\\\/index.php\\\/como-crear-un-personaje\\\/#primaryimage\",\"url\":\"https:\\\/\\\/civik.es\\\/wp-content\\\/uploads\\\/2023\\\/08\\\/IMG_20230804_153742-3-scaled.jpg\",\"contentUrl\":\"https:\\\/\\\/civik.es\\\/wp-content\\\/uploads\\\/2023\\\/08\\\/IMG_20230804_153742-3-scaled.jpg\",\"width\":1920,\"height\":2560},{\"@type\":\"BreadcrumbList\",\"@id\":\"https:\\\/\\\/civik.es\\\/index.php\\\/como-crear-un-personaje\\\/#breadcrumb\",\"itemListElement\":[{\"@type\":\"ListItem\",\"position\":1,\"name\":\"Portada\",\"item\":\"https:\\\/\\\/civik.es\\\/\"},{\"@type\":\"ListItem\",\"position\":2,\"name\":\"COMO CREAR UN PERSONAJE\"}]},{\"@type\":\"WebSite\",\"@id\":\"https:\\\/\\\/civik.es\\\/#website\",\"url\":\"https:\\\/\\\/civik.es\\\/\",\"name\":\"A.L. Gallego\",\"description\":\"&quot;Escritor de fantas\u00eda ligera para adultos que buscan escapar del mundo real.&quot;\",\"publisher\":{\"@id\":\"https:\\\/\\\/civik.es\\\/#\\\/schema\\\/person\\\/b22ef9dba23952d42910a444454e6e60\"},\"alternateName\":\"Novelas\",\"potentialAction\":[{\"@type\":\"SearchAction\",\"target\":{\"@type\":\"EntryPoint\",\"urlTemplate\":\"https:\\\/\\\/civik.es\\\/?s={search_term_string}\"},\"query-input\":{\"@type\":\"PropertyValueSpecification\",\"valueRequired\":true,\"valueName\":\"search_term_string\"}}],\"inLanguage\":\"es\"},{\"@type\":[\"Person\",\"Organization\"],\"@id\":\"https:\\\/\\\/civik.es\\\/#\\\/schema\\\/person\\\/b22ef9dba23952d42910a444454e6e60\",\"name\":\"A.L. gallego\",\"image\":{\"@type\":\"ImageObject\",\"inLanguage\":\"es\",\"@id\":\"https:\\\/\\\/civik.es\\\/wp-content\\\/uploads\\\/2024\\\/03\\\/cropped-dream_TradingCard32123132.jpg\",\"url\":\"https:\\\/\\\/civik.es\\\/wp-content\\\/uploads\\\/2024\\\/03\\\/cropped-dream_TradingCard32123132.jpg\",\"contentUrl\":\"https:\\\/\\\/civik.es\\\/wp-content\\\/uploads\\\/2024\\\/03\\\/cropped-dream_TradingCard32123132.jpg\",\"width\":512,\"height\":512,\"caption\":\"A.L. gallego\"},\"logo\":{\"@id\":\"https:\\\/\\\/civik.es\\\/wp-content\\\/uploads\\\/2024\\\/03\\\/cropped-dream_TradingCard32123132.jpg\"},\"sameAs\":[\"http:\\\/\\\/civik.es\",\"Civikoficial\",\"https:\\\/\\\/x.com\\\/Civikoficial\"]}]}<\/script>\n<!-- \/ Yoast SEO plugin. -->","yoast_head_json":{"title":"COMO CREAR UN PERSONAJE - A.L. Gallego","description":"COMO CREAR UN PERSONAJE: \u00bfC\u00f3mo conseguir que a la gente le gusten mis personajes? \u00bfC\u00f3mo habr\u00eda alguien que quisiera leer mi historia?","robots":{"index":"index","follow":"follow","max-snippet":"max-snippet:-1","max-image-preview":"max-image-preview:large","max-video-preview":"max-video-preview:-1"},"canonical":"https:\/\/civik.es\/index.php\/como-crear-un-personaje\/","og_locale":"es_ES","og_type":"article","og_title":"COMO CREAR UN PERSONAJE - A.L. Gallego","og_description":"COMO CREAR UN PERSONAJE: \u00bfC\u00f3mo conseguir que a la gente le gusten mis personajes? \u00bfC\u00f3mo habr\u00eda alguien que quisiera leer mi historia?","og_url":"https:\/\/civik.es\/index.php\/como-crear-un-personaje\/","og_site_name":"A.L. Gallego","article_modified_time":"2023-09-03T20:10:34+00:00","og_image":[{"url":"https:\/\/civik.es\/wp-content\/uploads\/2023\/08\/IMG_20230804_153742-3-768x1024.jpg","type":"","width":"","height":""}],"twitter_card":"summary_large_image","twitter_site":"@Civikoficial","twitter_misc":{"Tiempo de lectura":"8 minutos"},"schema":{"@context":"https:\/\/schema.org","@graph":[{"@type":"WebPage","@id":"https:\/\/civik.es\/index.php\/como-crear-un-personaje\/","url":"https:\/\/civik.es\/index.php\/como-crear-un-personaje\/","name":"COMO CREAR UN PERSONAJE - A.L. Gallego","isPartOf":{"@id":"https:\/\/civik.es\/#website"},"primaryImageOfPage":{"@id":"https:\/\/civik.es\/index.php\/como-crear-un-personaje\/#primaryimage"},"image":{"@id":"https:\/\/civik.es\/index.php\/como-crear-un-personaje\/#primaryimage"},"thumbnailUrl":"https:\/\/civik.es\/wp-content\/uploads\/2023\/08\/IMG_20230804_153742-3-768x1024.jpg","datePublished":"2023-09-03T20:10:33+00:00","dateModified":"2023-09-03T20:10:34+00:00","description":"COMO CREAR UN PERSONAJE: \u00bfC\u00f3mo conseguir que a la gente le gusten mis personajes? \u00bfC\u00f3mo habr\u00eda alguien que quisiera leer mi historia?","breadcrumb":{"@id":"https:\/\/civik.es\/index.php\/como-crear-un-personaje\/#breadcrumb"},"inLanguage":"es","potentialAction":[{"@type":"ReadAction","target":["https:\/\/civik.es\/index.php\/como-crear-un-personaje\/"]}]},{"@type":"ImageObject","inLanguage":"es","@id":"https:\/\/civik.es\/index.php\/como-crear-un-personaje\/#primaryimage","url":"https:\/\/civik.es\/wp-content\/uploads\/2023\/08\/IMG_20230804_153742-3-scaled.jpg","contentUrl":"https:\/\/civik.es\/wp-content\/uploads\/2023\/08\/IMG_20230804_153742-3-scaled.jpg","width":1920,"height":2560},{"@type":"BreadcrumbList","@id":"https:\/\/civik.es\/index.php\/como-crear-un-personaje\/#breadcrumb","itemListElement":[{"@type":"ListItem","position":1,"name":"Portada","item":"https:\/\/civik.es\/"},{"@type":"ListItem","position":2,"name":"COMO CREAR UN PERSONAJE"}]},{"@type":"WebSite","@id":"https:\/\/civik.es\/#website","url":"https:\/\/civik.es\/","name":"A.L. Gallego","description":"&quot;Escritor de fantas\u00eda ligera para adultos que buscan escapar del mundo real.&quot;","publisher":{"@id":"https:\/\/civik.es\/#\/schema\/person\/b22ef9dba23952d42910a444454e6e60"},"alternateName":"Novelas","potentialAction":[{"@type":"SearchAction","target":{"@type":"EntryPoint","urlTemplate":"https:\/\/civik.es\/?s={search_term_string}"},"query-input":{"@type":"PropertyValueSpecification","valueRequired":true,"valueName":"search_term_string"}}],"inLanguage":"es"},{"@type":["Person","Organization"],"@id":"https:\/\/civik.es\/#\/schema\/person\/b22ef9dba23952d42910a444454e6e60","name":"A.L. gallego","image":{"@type":"ImageObject","inLanguage":"es","@id":"https:\/\/civik.es\/wp-content\/uploads\/2024\/03\/cropped-dream_TradingCard32123132.jpg","url":"https:\/\/civik.es\/wp-content\/uploads\/2024\/03\/cropped-dream_TradingCard32123132.jpg","contentUrl":"https:\/\/civik.es\/wp-content\/uploads\/2024\/03\/cropped-dream_TradingCard32123132.jpg","width":512,"height":512,"caption":"A.L. gallego"},"logo":{"@id":"https:\/\/civik.es\/wp-content\/uploads\/2024\/03\/cropped-dream_TradingCard32123132.jpg"},"sameAs":["http:\/\/civik.es","Civikoficial","https:\/\/x.com\/Civikoficial"]}]}},"_links":{"self":[{"href":"https:\/\/civik.es\/index.php\/wp-json\/wp\/v2\/pages\/410","targetHints":{"allow":["GET"]}}],"collection":[{"href":"https:\/\/civik.es\/index.php\/wp-json\/wp\/v2\/pages"}],"about":[{"href":"https:\/\/civik.es\/index.php\/wp-json\/wp\/v2\/types\/page"}],"author":[{"embeddable":true,"href":"https:\/\/civik.es\/index.php\/wp-json\/wp\/v2\/users\/1"}],"replies":[{"embeddable":true,"href":"https:\/\/civik.es\/index.php\/wp-json\/wp\/v2\/comments?post=410"}],"version-history":[{"count":1,"href":"https:\/\/civik.es\/index.php\/wp-json\/wp\/v2\/pages\/410\/revisions"}],"predecessor-version":[{"id":411,"href":"https:\/\/civik.es\/index.php\/wp-json\/wp\/v2\/pages\/410\/revisions\/411"}],"wp:attachment":[{"href":"https:\/\/civik.es\/index.php\/wp-json\/wp\/v2\/media?parent=410"}],"curies":[{"name":"wp","href":"https:\/\/api.w.org\/{rel}","templated":true}]}}