{"id":579,"date":"2024-02-21T16:53:00","date_gmt":"2024-02-21T16:53:00","guid":{"rendered":"https:\/\/civik.es\/?page_id=579"},"modified":"2024-02-21T16:53:01","modified_gmt":"2024-02-21T16:53:01","slug":"politica-de-privacidad-newsletter","status":"publish","type":"page","link":"https:\/\/civik.es\/index.php\/politica-de-privacidad-newsletter\/","title":{"rendered":"Pol\u00edtica de privacidad newsletter"},"content":{"rendered":"\n<p>Es preciso advertir que esta Pol\u00edtica de Privacidad podr\u00eda variar en funci\u00f3n de exigencias legislativas o de autorregulaci\u00f3n, por lo que te aconsejamos revisarlas &nbsp;peri\u00f3dicamente.<\/p>\n\n\n\n<p><strong>\u00bfQui\u00e9n es el responsable del tratamiento de tus datos?<\/strong><\/p>\n\n\n\n<ul class=\"wp-block-list\">\n<li><strong>Identidad del responsable<\/strong>: A. L. Gallego<\/li>\n\n\n\n<li><strong>Nombre comercial<\/strong>: A.L. Gallego.<\/li>\n\n\n\n<li><strong>CIF<\/strong>: <\/li>\n\n\n\n<li><strong>Direcci\u00f3n<\/strong>: Espa\u00f1a.<\/li>\n\n\n\n<li><strong>Correo electr\u00f3nico:\u00a0<\/strong><a href=\"mailto:info@autentia.com\">info@civik.es<\/a>.<\/li>\n\n\n\n<li><strong>Actividad<\/strong>: <\/li>\n<\/ul>\n\n\n\n<p><strong>\u00bfQu\u00e9 datos solicitamos y c\u00f3mo est\u00e1n categorizados?<\/strong><\/p>\n\n\n\n<p>En este formulario solicitamos los siguientes datos personales:<\/p>\n\n\n\n<ul class=\"wp-block-list\">\n<li><strong>correo electr\u00f3nico<\/strong>: A fin de poder enviarte comunicaciones que pudieran ser de tu inter\u00e9s, tales como recursos, libros, charlas, sorteos de invitaciones a eventos.<\/li>\n<\/ul>\n\n\n\n<p><strong>\u00bfCon qu\u00e9 finalidad almacenamos tus datos?<\/strong><\/p>\n\n\n\n<p>A. L. Gallego tratar\u00e1 los datos que nos has proporcionado con la finalidad de:<\/p>\n\n\n\n<ul class=\"wp-block-list\">\n<li>Mejorar tu experiencia y poder enviarte comunicaciones que pudieran ser de tu inter\u00e9s, como libros, charlas, tecnolog\u00edas y recursos, adem\u00e1s de facilitarte informaci\u00f3n sobre nuestros servicios y las soluciones que ofrecemos.<\/li>\n<\/ul>\n\n\n\n<p>Trataremos tus datos con responsabilidad, en ning\u00fan caso compartiremos esta informaci\u00f3n con terceros.<\/p>\n\n\n\n<p><strong>\u00bfPor cu\u00e1nto tiempo conservaremos tus datos?<\/strong><\/p>\n\n\n\n<p>Los datos personales que has tenido la confianza de proporcionarnos se conservar\u00e1n:<\/p>\n\n\n\n<ul class=\"wp-block-list\">\n<li>Hasta que solicites la supresi\u00f3n.<\/li>\n<\/ul>\n\n\n\n<p><strong>\u00bfCu\u00e1l es la legitimaci\u00f3n para el tratamiento de sus datos?<\/strong><\/p>\n\n\n\n<p>La base legal para el tratamiento de tus datos es: el consentimiento, es decir, tratamos tus datos s\u00f3lo si contamos con tu consentimiento expreso e informado para hacerlo y siempre conforme a las finalidades antes descritas.<\/p>\n\n\n\n<p><strong>\u00bfA qu\u00e9 destinatarios se comunicar\u00e1n sus datos?<\/strong><\/p>\n\n\n\n<p>Los datos se almacenar\u00e1n en los siguientes servidores:<\/p>\n\n\n\n<ul class=\"wp-block-list\">\n<li>En la red de centros de datos de Google. Google cuenta con&nbsp;<a href=\"https:\/\/www.google.com\/about\/datacenters\/inside\/locations\/index.html\">varios centros de datos repartidos por distintas zonas geogr\u00e1ficas<\/a>. Los cl\u00fasteres de equipos de Google se han dise\u00f1ado para ofrecer la m\u00e1xima resistencia y redundancia, as\u00ed como eliminar los puntos \u00fanicos de fallo y minimizar las posibles consecuencias de los errores m\u00e1s habituales de los equipos y los riesgos medioambientales.<\/li>\n\n\n\n<li>En los servidores de Mailchimp, que cumplen con el marco del escudo de privacidad.<\/li>\n<\/ul>\n\n\n\n<p><strong>\u00bfCu\u00e1les son sus derechos cuando nos facilita sus datos?<\/strong><\/p>\n\n\n\n<p>Cuando nos proporcionas tus datos, no pierdes tus derechos sobre ellos, por eso aqu\u00ed te detallamos cu\u00e1les y c\u00f3mo puedes ejercer los siguientes derechos:<\/p>\n\n\n\n<ul class=\"wp-block-list\">\n<li>Derecho a solicitar el acceso a los datos personales relativos al interesado.<\/li>\n\n\n\n<li>Derecho de rectificaci\u00f3n o supresi\u00f3n.<\/li>\n\n\n\n<li>Derecho de oposici\u00f3n.<\/li>\n\n\n\n<li>Derecho a solicitar la limitaci\u00f3n de su tratamiento.<\/li>\n\n\n\n<li>Derecho a la portabilidad de los datos.<\/li>\n<\/ul>\n\n\n\n<p>Como titular de los datos personales obtenidos, podr\u00e1s ejercer sus derechos de protecci\u00f3n de datos personales\u00a0<strong>dirigiendo una comunicaci\u00f3n <\/strong>al\u00a0<strong>correo electr\u00f3nico<\/strong>\u00a0habilitado a tal efecto,\u00a0<a href=\"mailto:info@autentia.com\">info@civik.es<\/a>, incluyendo en ambos casos fotocopia de su DNI u otro documento de identificaci\u00f3n equivalente.<\/p>\n\n\n\n<p>Puedes encontrar modelos, formularios y m\u00e1s informaci\u00f3n disponible sobre sus derechos en la p\u00e1gina web de la autoridad de control nacional, Agencia Espa\u00f1ola de Protecci\u00f3n de Datos, en adelante, AEPD,&nbsp;<a href=\"http:\/\/www.agpd.es\/\">www.agpd.es<\/a>.<\/p>\n\n\n\n<p><strong>\u00bfPuedo retirar el consentimiento?<\/strong><\/p>\n\n\n\n<p>Tienes la posibilidad y el derecho a retirar el consentimiento para cualquiera finalidad espec\u00edfica otorgada en su momento, sin que ello afecte a la licitud del tratamiento basado en el consentimiento previo a su retirada.<\/p>\n","protected":false},"excerpt":{"rendered":"<p>Es preciso advertir que esta Pol\u00edtica de Privacidad podr\u00eda variar en funci\u00f3n de exigencias legislativas o de autorregulaci\u00f3n, por lo que te aconsejamos revisarlas &nbsp;peri\u00f3dicamente. \u00bfQui\u00e9n es el responsable del tratamiento de tus datos? \u00bfQu\u00e9 datos solicitamos y c\u00f3mo est\u00e1n categorizados? En este formulario solicitamos los siguientes datos personales: \u00bfCon qu\u00e9 finalidad almacenamos tus datos?&hellip;&nbsp;<a href=\"https:\/\/civik.es\/index.php\/politica-de-privacidad-newsletter\/\" class=\"\" rel=\"bookmark\">Leer m\u00e1s &raquo;<span class=\"screen-reader-text\">Pol\u00edtica de privacidad newsletter<\/span><\/a><\/p>\n","protected":false},"author":1,"featured_media":0,"parent":0,"menu_order":0,"comment_status":"closed","ping_status":"closed","template":"","meta":{"_eb_attr":"","neve_meta_sidebar":"","neve_meta_container":"","neve_meta_enable_content_width":"","neve_meta_content_width":0,"neve_meta_title_alignment":"","neve_meta_author_avatar":"","neve_post_elements_order":"","neve_meta_disable_header":"","neve_meta_disable_footer":"","neve_meta_disable_title":"","_themeisle_gutenberg_block_has_review":false,"footnotes":""},"class_list":["post-579","page","type-page","status-publish","hentry"],"yoast_head":"<!-- This site is optimized with the Yoast SEO plugin v27.4 - https:\/\/yoast.com\/product\/yoast-seo-wordpress\/ -->\n<title>Pol\u00edtica de privacidad newsletter - A.L. Gallego<\/title>\n<meta name=\"robots\" content=\"index, follow, max-snippet:-1, max-image-preview:large, max-video-preview:-1\" \/>\n<link rel=\"canonical\" href=\"https:\/\/civik.es\/index.php\/politica-de-privacidad-newsletter\/\" \/>\n<meta property=\"og:locale\" content=\"es_ES\" \/>\n<meta property=\"og:type\" content=\"article\" \/>\n<meta property=\"og:title\" content=\"Pol\u00edtica de privacidad newsletter - A.L. Gallego\" \/>\n<meta property=\"og:description\" content=\"Es preciso advertir que esta Pol\u00edtica de Privacidad podr\u00eda variar en funci\u00f3n de exigencias legislativas o de autorregulaci\u00f3n, por lo que te aconsejamos revisarlas &nbsp;peri\u00f3dicamente. \u00bfQui\u00e9n es el responsable del tratamiento de tus datos? \u00bfQu\u00e9 datos solicitamos y c\u00f3mo est\u00e1n categorizados? En este formulario solicitamos los siguientes datos personales: \u00bfCon qu\u00e9 finalidad almacenamos tus datos?&hellip;&nbsp;Leer m\u00e1s &raquo;Pol\u00edtica de privacidad newsletter\" \/>\n<meta property=\"og:url\" content=\"https:\/\/civik.es\/index.php\/politica-de-privacidad-newsletter\/\" \/>\n<meta property=\"og:site_name\" content=\"A.L. Gallego\" \/>\n<meta property=\"article:modified_time\" content=\"2024-02-21T16:53:01+00:00\" \/>\n<meta name=\"twitter:card\" content=\"summary_large_image\" \/>\n<meta name=\"twitter:site\" content=\"@Civikoficial\" \/>\n<meta name=\"twitter:label1\" content=\"Tiempo de lectura\" \/>\n\t<meta name=\"twitter:data1\" content=\"3 minutos\" \/>\n<script type=\"application\/ld+json\" class=\"yoast-schema-graph\">{\"@context\":\"https:\\\/\\\/schema.org\",\"@graph\":[{\"@type\":\"WebPage\",\"@id\":\"https:\\\/\\\/civik.es\\\/index.php\\\/politica-de-privacidad-newsletter\\\/\",\"url\":\"https:\\\/\\\/civik.es\\\/index.php\\\/politica-de-privacidad-newsletter\\\/\",\"name\":\"Pol\u00edtica de privacidad newsletter - A.L. Gallego\",\"isPartOf\":{\"@id\":\"https:\\\/\\\/civik.es\\\/#website\"},\"datePublished\":\"2024-02-21T16:53:00+00:00\",\"dateModified\":\"2024-02-21T16:53:01+00:00\",\"breadcrumb\":{\"@id\":\"https:\\\/\\\/civik.es\\\/index.php\\\/politica-de-privacidad-newsletter\\\/#breadcrumb\"},\"inLanguage\":\"es\",\"potentialAction\":[{\"@type\":\"ReadAction\",\"target\":[\"https:\\\/\\\/civik.es\\\/index.php\\\/politica-de-privacidad-newsletter\\\/\"]}]},{\"@type\":\"BreadcrumbList\",\"@id\":\"https:\\\/\\\/civik.es\\\/index.php\\\/politica-de-privacidad-newsletter\\\/#breadcrumb\",\"itemListElement\":[{\"@type\":\"ListItem\",\"position\":1,\"name\":\"Portada\",\"item\":\"https:\\\/\\\/civik.es\\\/\"},{\"@type\":\"ListItem\",\"position\":2,\"name\":\"Pol\u00edtica de privacidad newsletter\"}]},{\"@type\":\"WebSite\",\"@id\":\"https:\\\/\\\/civik.es\\\/#website\",\"url\":\"https:\\\/\\\/civik.es\\\/\",\"name\":\"A.L. Gallego\",\"description\":\"&quot;Escritor de fantas\u00eda ligera para adultos que buscan escapar del mundo real.&quot;\",\"publisher\":{\"@id\":\"https:\\\/\\\/civik.es\\\/#\\\/schema\\\/person\\\/b22ef9dba23952d42910a444454e6e60\"},\"alternateName\":\"Novelas\",\"potentialAction\":[{\"@type\":\"SearchAction\",\"target\":{\"@type\":\"EntryPoint\",\"urlTemplate\":\"https:\\\/\\\/civik.es\\\/?s={search_term_string}\"},\"query-input\":{\"@type\":\"PropertyValueSpecification\",\"valueRequired\":true,\"valueName\":\"search_term_string\"}}],\"inLanguage\":\"es\"},{\"@type\":[\"Person\",\"Organization\"],\"@id\":\"https:\\\/\\\/civik.es\\\/#\\\/schema\\\/person\\\/b22ef9dba23952d42910a444454e6e60\",\"name\":\"A.L. gallego\",\"image\":{\"@type\":\"ImageObject\",\"inLanguage\":\"es\",\"@id\":\"https:\\\/\\\/civik.es\\\/wp-content\\\/uploads\\\/2024\\\/03\\\/cropped-dream_TradingCard32123132.jpg\",\"url\":\"https:\\\/\\\/civik.es\\\/wp-content\\\/uploads\\\/2024\\\/03\\\/cropped-dream_TradingCard32123132.jpg\",\"contentUrl\":\"https:\\\/\\\/civik.es\\\/wp-content\\\/uploads\\\/2024\\\/03\\\/cropped-dream_TradingCard32123132.jpg\",\"width\":512,\"height\":512,\"caption\":\"A.L. gallego\"},\"logo\":{\"@id\":\"https:\\\/\\\/civik.es\\\/wp-content\\\/uploads\\\/2024\\\/03\\\/cropped-dream_TradingCard32123132.jpg\"},\"sameAs\":[\"http:\\\/\\\/civik.es\",\"Civikoficial\",\"https:\\\/\\\/x.com\\\/Civikoficial\"]}]}<\/script>\n<!-- \/ Yoast SEO plugin. -->","yoast_head_json":{"title":"Pol\u00edtica de privacidad newsletter - A.L. Gallego","robots":{"index":"index","follow":"follow","max-snippet":"max-snippet:-1","max-image-preview":"max-image-preview:large","max-video-preview":"max-video-preview:-1"},"canonical":"https:\/\/civik.es\/index.php\/politica-de-privacidad-newsletter\/","og_locale":"es_ES","og_type":"article","og_title":"Pol\u00edtica de privacidad newsletter - A.L. Gallego","og_description":"Es preciso advertir que esta Pol\u00edtica de Privacidad podr\u00eda variar en funci\u00f3n de exigencias legislativas o de autorregulaci\u00f3n, por lo que te aconsejamos revisarlas &nbsp;peri\u00f3dicamente. \u00bfQui\u00e9n es el responsable del tratamiento de tus datos? \u00bfQu\u00e9 datos solicitamos y c\u00f3mo est\u00e1n categorizados? En este formulario solicitamos los siguientes datos personales: \u00bfCon qu\u00e9 finalidad almacenamos tus datos?&hellip;&nbsp;Leer m\u00e1s &raquo;Pol\u00edtica de privacidad newsletter","og_url":"https:\/\/civik.es\/index.php\/politica-de-privacidad-newsletter\/","og_site_name":"A.L. Gallego","article_modified_time":"2024-02-21T16:53:01+00:00","twitter_card":"summary_large_image","twitter_site":"@Civikoficial","twitter_misc":{"Tiempo de lectura":"3 minutos"},"schema":{"@context":"https:\/\/schema.org","@graph":[{"@type":"WebPage","@id":"https:\/\/civik.es\/index.php\/politica-de-privacidad-newsletter\/","url":"https:\/\/civik.es\/index.php\/politica-de-privacidad-newsletter\/","name":"Pol\u00edtica de privacidad newsletter - A.L. Gallego","isPartOf":{"@id":"https:\/\/civik.es\/#website"},"datePublished":"2024-02-21T16:53:00+00:00","dateModified":"2024-02-21T16:53:01+00:00","breadcrumb":{"@id":"https:\/\/civik.es\/index.php\/politica-de-privacidad-newsletter\/#breadcrumb"},"inLanguage":"es","potentialAction":[{"@type":"ReadAction","target":["https:\/\/civik.es\/index.php\/politica-de-privacidad-newsletter\/"]}]},{"@type":"BreadcrumbList","@id":"https:\/\/civik.es\/index.php\/politica-de-privacidad-newsletter\/#breadcrumb","itemListElement":[{"@type":"ListItem","position":1,"name":"Portada","item":"https:\/\/civik.es\/"},{"@type":"ListItem","position":2,"name":"Pol\u00edtica de privacidad newsletter"}]},{"@type":"WebSite","@id":"https:\/\/civik.es\/#website","url":"https:\/\/civik.es\/","name":"A.L. Gallego","description":"&quot;Escritor de fantas\u00eda ligera para adultos que buscan escapar del mundo real.&quot;","publisher":{"@id":"https:\/\/civik.es\/#\/schema\/person\/b22ef9dba23952d42910a444454e6e60"},"alternateName":"Novelas","potentialAction":[{"@type":"SearchAction","target":{"@type":"EntryPoint","urlTemplate":"https:\/\/civik.es\/?s={search_term_string}"},"query-input":{"@type":"PropertyValueSpecification","valueRequired":true,"valueName":"search_term_string"}}],"inLanguage":"es"},{"@type":["Person","Organization"],"@id":"https:\/\/civik.es\/#\/schema\/person\/b22ef9dba23952d42910a444454e6e60","name":"A.L. gallego","image":{"@type":"ImageObject","inLanguage":"es","@id":"https:\/\/civik.es\/wp-content\/uploads\/2024\/03\/cropped-dream_TradingCard32123132.jpg","url":"https:\/\/civik.es\/wp-content\/uploads\/2024\/03\/cropped-dream_TradingCard32123132.jpg","contentUrl":"https:\/\/civik.es\/wp-content\/uploads\/2024\/03\/cropped-dream_TradingCard32123132.jpg","width":512,"height":512,"caption":"A.L. gallego"},"logo":{"@id":"https:\/\/civik.es\/wp-content\/uploads\/2024\/03\/cropped-dream_TradingCard32123132.jpg"},"sameAs":["http:\/\/civik.es","Civikoficial","https:\/\/x.com\/Civikoficial"]}]}},"_links":{"self":[{"href":"https:\/\/civik.es\/index.php\/wp-json\/wp\/v2\/pages\/579","targetHints":{"allow":["GET"]}}],"collection":[{"href":"https:\/\/civik.es\/index.php\/wp-json\/wp\/v2\/pages"}],"about":[{"href":"https:\/\/civik.es\/index.php\/wp-json\/wp\/v2\/types\/page"}],"author":[{"embeddable":true,"href":"https:\/\/civik.es\/index.php\/wp-json\/wp\/v2\/users\/1"}],"replies":[{"embeddable":true,"href":"https:\/\/civik.es\/index.php\/wp-json\/wp\/v2\/comments?post=579"}],"version-history":[{"count":1,"href":"https:\/\/civik.es\/index.php\/wp-json\/wp\/v2\/pages\/579\/revisions"}],"predecessor-version":[{"id":580,"href":"https:\/\/civik.es\/index.php\/wp-json\/wp\/v2\/pages\/579\/revisions\/580"}],"wp:attachment":[{"href":"https:\/\/civik.es\/index.php\/wp-json\/wp\/v2\/media?parent=579"}],"curies":[{"name":"wp","href":"https:\/\/api.w.org\/{rel}","templated":true}]}}