{"id":613,"date":"2024-07-11T14:51:24","date_gmt":"2024-07-11T14:51:24","guid":{"rendered":"https:\/\/civik.es\/?page_id=613"},"modified":"2025-05-21T20:20:23","modified_gmt":"2025-05-21T20:20:23","slug":"mis-historias-2","status":"publish","type":"page","link":"https:\/\/civik.es\/index.php\/mis-historias-2\/","title":{"rendered":"MIS HISTORIAS"},"content":{"rendered":"\n<p class=\"has-text-align-center\"><strong>En esta secci\u00f3n podr\u00e1s disfrutar de algunos fragmentos de mis obras, as\u00ed como algunas historias en exclusiva.<\/strong><\/p>\n\n\n\n<div class=\"wp-block-group\"><div class=\"wp-block-group__inner-container is-layout-constrained wp-block-group-is-layout-constrained\">\n<div class=\"wp-block-superb-addons-table-of-contents\"><div class=\"superbaddons-tableofcontents superbaddons-tableofcontents-alignment-center\" style=\"background-color:unset;border-radius:unset\"><span class=\"superbaddons-tableofcontents-title\" style=\"color:#444444;font-size:32px;line-height:40px\">Contenido del autor<\/span><div class=\"superbaddons-tableofcontents-table\"><ol style=\"list-style-type:decimal\"><\/ol><\/div><\/div><\/div>\n\n\n\n<div class=\"wp-block-columns is-layout-flex wp-container-core-columns-is-layout-9d6595d7 wp-block-columns-is-layout-flex\">\n<div class=\"wp-block-column is-vertically-aligned-top is-layout-flow wp-block-column-is-layout-flow\">\n<figure class=\"wp-block-table aligncenter is-style-stripes ticss-f9d8ec55\"><table class=\"has-fixed-layout\"><tbody><tr><td class=\"has-text-align-center\" data-align=\"center\"><img loading=\"lazy\" decoding=\"async\" width=\"250\" height=\"188\" class=\"wp-image-875\" style=\"width: 250px;\" src=\"https:\/\/civik.es\/wp-content\/uploads\/2025\/04\/ladecisionI-y-II.png\" alt=\"\" srcset=\"https:\/\/civik.es\/wp-content\/uploads\/2025\/04\/ladecisionI-y-II.png 2000w, https:\/\/civik.es\/wp-content\/uploads\/2025\/04\/ladecisionI-y-II-300x226.png 300w, https:\/\/civik.es\/wp-content\/uploads\/2025\/04\/ladecisionI-y-II-1024x770.png 1024w, https:\/\/civik.es\/wp-content\/uploads\/2025\/04\/ladecisionI-y-II-768x578.png 768w, https:\/\/civik.es\/wp-content\/uploads\/2025\/04\/ladecisionI-y-II-1536x1155.png 1536w\" sizes=\"auto, (max-width: 250px) 100vw, 250px\" \/><\/td><\/tr><tr><td class=\"has-text-align-center\" data-align=\"center\"><strong>RELATO CORTO DE CIENCIA FICCI\u00d3N<\/strong><br><br><strong>Tras haber huido de su pasado, N\u00edo, un ex-mercenario intergal\u00e1ctico, comienza una nueva vida junto a su mujer Anna y su hija Linda en un planeta lejano, pero su felicidad no tardar\u00e1 en verse truncada por la aparici\u00f3n de aquellos que los buscan, pues deber\u00e1 dar cuentas de sus acciones.<\/strong><\/td><\/tr><\/tbody><\/table><\/figure>\n\n\n\n<div id=\"wp-block-themeisle-blocks-accordion-3c2c95e2\" class=\"wp-block-themeisle-blocks-accordion exclusive\">\n<details class=\"wp-block-themeisle-blocks-accordion-item\"><summary class=\"wp-block-themeisle-blocks-accordion-item__title\"><div><strong>La Decisi\u00f3n<\/strong> (Parte I)<\/div><\/summary><div class=\"wp-block-themeisle-blocks-accordion-item__content\">\n<div data-wp-interactive=\"core\/file\" class=\"wp-block-file\"><object data-wp-bind--hidden=\"!state.hasPdfPreview\" hidden class=\"wp-block-file__embed\" data=\"https:\/\/civik.es\/wp-content\/uploads\/2025\/04\/LA-DECISION_para-la-web.pdf\" type=\"application\/pdf\" style=\"width:100%;height:600px\" aria-label=\"Incrustado de LA DECISI\u00d3N_para la web.\"><\/object><a id=\"wp-block-file--media-f612f23e-17e3-45da-99d5-c168bae35f5c\" href=\"https:\/\/civik.es\/wp-content\/uploads\/2025\/04\/LA-DECISION_para-la-web.pdf\">LA DECISI\u00d3N_para la web<\/a><\/div>\n<\/div><\/details>\n<\/div>\n\n\n\n<div id=\"wp-block-themeisle-blocks-accordion-99bb602b\" class=\"wp-block-themeisle-blocks-accordion exclusive\">\n<details class=\"wp-block-themeisle-blocks-accordion-item\"><summary class=\"wp-block-themeisle-blocks-accordion-item__title\"><div><strong>La Decisi\u00f3n<\/strong> (Parte II) <strong><em>EL BUCLE<\/em><\/strong><\/div><\/summary><div class=\"wp-block-themeisle-blocks-accordion-item__content\">\n<div data-wp-interactive=\"core\/file\" class=\"wp-block-file\"><object data-wp-bind--hidden=\"!state.hasPdfPreview\" hidden class=\"wp-block-file__embed\" data=\"https:\/\/civik.es\/wp-content\/uploads\/2025\/04\/La-decision_II_el_bucle_web_final.pdf\" type=\"application\/pdf\" style=\"width:100%;height:600px\" aria-label=\"Incrustado de La decisi\u00f3n_II_el_bucle_web_final.\"><\/object><a id=\"wp-block-file--media-2bce289b-f94f-4f5c-9a4c-e1a3bd07b2c2\" href=\"https:\/\/civik.es\/wp-content\/uploads\/2025\/04\/La-decision_II_el_bucle_web_final.pdf\">La decisi\u00f3n_II_el_bucle_web_final<\/a><\/div>\n<\/div><\/details>\n<\/div>\n<\/div>\n\n\n\n<div class=\"wp-block-column is-layout-flow wp-block-column-is-layout-flow\">\n<figure class=\"wp-block-table aligncenter is-style-stripes ticss-c601434a\"><table><tbody><tr><td class=\"has-text-align-center\" data-align=\"center\"><img loading=\"lazy\" decoding=\"async\" width=\"150\" height=\"240\" class=\"wp-image-527\" style=\"width: 150px;\" src=\"https:\/\/civik.es\/wp-content\/uploads\/2023\/10\/CIVIK-1-2.png\" alt=\"Novela de fantas\u00eda.\" srcset=\"https:\/\/civik.es\/wp-content\/uploads\/2023\/10\/CIVIK-1-2.png 1600w, https:\/\/civik.es\/wp-content\/uploads\/2023\/10\/CIVIK-1-2-188x300.png 188w, https:\/\/civik.es\/wp-content\/uploads\/2023\/10\/CIVIK-1-2-640x1024.png 640w, https:\/\/civik.es\/wp-content\/uploads\/2023\/10\/CIVIK-1-2-768x1229.png 768w, https:\/\/civik.es\/wp-content\/uploads\/2023\/10\/CIVIK-1-2-960x1536.png 960w, https:\/\/civik.es\/wp-content\/uploads\/2023\/10\/CIVIK-1-2-1280x2048.png 1280w\" sizes=\"auto, (max-width: 150px) 100vw, 150px\" \/><\/td><\/tr><tr><td class=\"has-text-align-center\" data-align=\"center\"><p style=\"background-color:grey; color:white;\"><strong>PARA UNA LECTURA M\u00c1S C\u00d3MODA<br><\/strong><\/p><a style=\"color:black;\" href=\"https:\/\/www.wattpad.com\/story\/362873286-civik-las-piedras-de-poder\"><strong>https:\/\/www.wattpad.com\/story\/362873286-civik-las-piedras-de-poder<\/strong><\/a><br><\/td><\/tr><\/tbody><\/table><\/figure>\n\n\n\n<div id=\"wp-block-themeisle-blocks-accordion-1d84b749\" class=\"wp-block-themeisle-blocks-accordion exclusive\">\n<details class=\"wp-block-themeisle-blocks-accordion-item ticss-ab844c5e\"><summary class=\"wp-block-themeisle-blocks-accordion-item__title\"><div><strong>Civik: Las piedras de poder<\/strong><\/div><\/summary><div class=\"wp-block-themeisle-blocks-accordion-item__content\">\n<div data-wp-interactive=\"core\/file\" class=\"wp-block-file\"><object data-wp-bind--hidden=\"!state.hasPdfPreview\" hidden class=\"wp-block-file__embed\" data=\"https:\/\/civik.es\/wp-content\/uploads\/2025\/04\/6Capitulos_web.pdf\" type=\"application\/pdf\" style=\"width:100%;height:600px\" aria-label=\"Incrustado de 6Capitulos_web.\"><\/object><a id=\"wp-block-file--media-77ac92c4-ef88-4bd2-83f0-e29f1307ca22\" href=\"https:\/\/civik.es\/wp-content\/uploads\/2025\/04\/6Capitulos_web.pdf\">6Capitulos_web<\/a><\/div>\n<\/div><\/details>\n<\/div>\n<\/div>\n\n\n\n<div class=\"wp-block-column is-layout-flow wp-block-column-is-layout-flow\">\n<figure class=\"wp-block-table is-style-stripes ticss-b7514aab\"><table class=\"has-fixed-layout\"><tbody><tr><td class=\"has-text-align-center\" data-align=\"center\"><img loading=\"lazy\" decoding=\"async\" width=\"150\" height=\"300\" class=\"wp-image-762\" style=\"width: 150px;\" src=\"https:\/\/civik.es\/wp-content\/uploads\/2024\/12\/AUDITIUM-1.png\" alt=\"\"><\/td><\/tr><\/tbody><\/table><\/figure>\n\n\n\n<p class=\"has-text-align-center\"><strong>Jane, investigadora y cient\u00edfica, se propone cambiar el mundo gracias a uno de sus experimentos, pero no todo saldr\u00e1 como ella planea.<\/strong><\/p>\n\n\n\n<div id=\"wp-block-themeisle-blocks-accordion-4b5dbecc\" class=\"wp-block-themeisle-blocks-accordion exclusive\">\n<details class=\"wp-block-themeisle-blocks-accordion-item\"><summary class=\"wp-block-themeisle-blocks-accordion-item__title\"><div><strong>AUDITIUM <\/strong>(Micro relato)<\/div><\/summary><div class=\"wp-block-themeisle-blocks-accordion-item__content\">\n<div data-wp-interactive=\"core\/file\" class=\"wp-block-file\"><object data-wp-bind--hidden=\"!state.hasPdfPreview\" hidden class=\"wp-block-file__embed\" data=\"https:\/\/civik.es\/wp-content\/uploads\/2025\/04\/Auditium_corregido_final.pdf\" type=\"application\/pdf\" style=\"width:100%;height:600px\" aria-label=\"Incrustado de Auditium_corregido_final.\"><\/object><a id=\"wp-block-file--media-05132cc7-4d5f-4c24-8f3d-3f609f6e9bcb\" href=\"https:\/\/civik.es\/wp-content\/uploads\/2025\/04\/Auditium_corregido_final.pdf\">Auditium_corregido_final<\/a><\/div>\n<\/div><\/details>\n<\/div>\n<\/div>\n\n\n\n<div class=\"wp-block-column is-layout-flow wp-block-column-is-layout-flow\">\n<figure class=\"wp-block-table is-style-stripes ticss-b7514aab\"><table class=\"has-fixed-layout\"><tbody><tr><td class=\"has-text-align-center\" data-align=\"center\"><img loading=\"lazy\" decoding=\"async\" width=\"200\" height=\"250\" class=\"wp-image-870\" style=\"width: 200px;\" src=\"https:\/\/civik.es\/wp-content\/uploads\/2025\/04\/LA-GUERRERA-Y-EL-CLERIGO.png\" alt=\"\" srcset=\"https:\/\/civik.es\/wp-content\/uploads\/2025\/04\/LA-GUERRERA-Y-EL-CLERIGO.png 1080w, https:\/\/civik.es\/wp-content\/uploads\/2025\/04\/LA-GUERRERA-Y-EL-CLERIGO-240x300.png 240w, https:\/\/civik.es\/wp-content\/uploads\/2025\/04\/LA-GUERRERA-Y-EL-CLERIGO-819x1024.png 819w, https:\/\/civik.es\/wp-content\/uploads\/2025\/04\/LA-GUERRERA-Y-EL-CLERIGO-768x960.png 768w\" sizes=\"auto, (max-width: 200px) 100vw, 200px\" \/><\/td><\/tr><\/tbody><\/table><\/figure>\n\n\n\n<p class=\"has-text-align-center\"><strong>Desprovisto de su fe, Rybon es expulsado de su orden. Convertido en poco m\u00e1s que un vagabundo, el cl\u00e9rigo conoce a Frinsha, quien lo invita a acompa\u00f1arla al puerto del este en busca de su sue\u00f1o, pero el camino no ser\u00e1 nada f\u00e1cil, pues multitud de enemigos les esperan.<\/strong><\/p>\n\n\n\n<p class=\"ticss-8d9433b8\"><strong>Suscr\u00edbete a nuestra NewsLetter para acceder a este contenido exclusivo.<\/strong><\/p>\n\n\n\n<div class=\"wp-block-buttons is-content-justification-center is-layout-flex wp-container-core-buttons-is-layout-16018d1d wp-block-buttons-is-layout-flex\">\n<div class=\"wp-block-button\"><a class=\"wp-block-button__link wp-element-button\" href=\"https:\/\/civik.es\/index.php\/newsletter-2\/\">Suscr\u00edbete<\/a><\/div>\n<\/div>\n\n\n\n<div id=\"wp-block-themeisle-blocks-accordion-6a685495\" class=\"wp-block-themeisle-blocks-accordion exclusive\">\n<details class=\"wp-block-themeisle-blocks-accordion-item\"><summary class=\"wp-block-themeisle-blocks-accordion-item__title\"><div><strong>La guerrera y el cl\u00e9rigo<\/strong>(relato)<\/div><\/summary><div class=\"wp-block-themeisle-blocks-accordion-item__content\">\n<p><\/p>\n\n\n\n<div data-wp-interactive=\"core\/file\" class=\"wp-block-file\"><object data-wp-bind--hidden=\"!state.hasPdfPreview\" hidden class=\"wp-block-file__embed\" data=\"https:\/\/civik.es\/wp-content\/uploads\/2025\/05\/La-guerrera-y-el-clerigo_corregidoFinal.pdf\" type=\"application\/pdf\" style=\"width:100%;height:600px\" aria-label=\"Incrustado de La guerrera y el cl\u00e9rigo_corregidoFinal.\"><\/object><a id=\"wp-block-file--media-623ad538-4c3c-4741-a59f-9a29db5c94db\" href=\"https:\/\/civik.es\/wp-content\/uploads\/2025\/05\/La-guerrera-y-el-clerigo_corregidoFinal.pdf\">La guerrera y el cl\u00e9rigo_corregidoFinal<\/a><a href=\"https:\/\/civik.es\/wp-content\/uploads\/2025\/05\/La-guerrera-y-el-clerigo_corregidoFinal.pdf\" class=\"wp-block-file__button wp-element-button\" download aria-describedby=\"wp-block-file--media-623ad538-4c3c-4741-a59f-9a29db5c94db\">Descarga<\/a><\/div>\n<\/div><\/details>\n<\/div>\n<\/div>\n<\/div>\n<\/div><\/div>\n","protected":false},"excerpt":{"rendered":"<p>En esta secci\u00f3n podr\u00e1s disfrutar de algunos fragmentos de mis obras, as\u00ed como algunas historias en exclusiva. RELATO CORTO DE CIENCIA FICCI\u00d3N Tras haber huido de su pasado, N\u00edo, un ex-mercenario intergal\u00e1ctico, comienza una nueva vida junto a su mujer Anna y su hija Linda en un planeta lejano, pero su felicidad no tardar\u00e1 en&hellip;&nbsp;<a href=\"https:\/\/civik.es\/index.php\/mis-historias-2\/\" class=\"\" rel=\"bookmark\">Leer m\u00e1s &raquo;<span class=\"screen-reader-text\">MIS HISTORIAS<\/span><\/a><\/p>\n","protected":false},"author":1,"featured_media":0,"parent":0,"menu_order":0,"comment_status":"closed","ping_status":"closed","template":"","meta":{"_eb_attr":"","neve_meta_sidebar":"","neve_meta_container":"","neve_meta_enable_content_width":"","neve_meta_content_width":0,"neve_meta_title_alignment":"","neve_meta_author_avatar":"","neve_post_elements_order":"","neve_meta_disable_header":"","neve_meta_disable_footer":"","neve_meta_disable_title":"","_themeisle_gutenberg_block_has_review":false,"footnotes":""},"class_list":["post-613","page","type-page","status-publish","hentry"],"yoast_head":"<!-- This site is optimized with the Yoast SEO plugin v27.5 - https:\/\/yoast.com\/product\/yoast-seo-wordpress\/ -->\n<title>MIS HISTORIAS - A.L. Gallego<\/title>\n<meta name=\"robots\" content=\"index, follow, max-snippet:-1, max-image-preview:large, max-video-preview:-1\" \/>\n<link rel=\"canonical\" href=\"https:\/\/civik.es\/index.php\/mis-historias-2\/\" \/>\n<meta property=\"og:locale\" content=\"es_ES\" \/>\n<meta property=\"og:type\" content=\"article\" \/>\n<meta property=\"og:title\" content=\"MIS HISTORIAS - A.L. Gallego\" \/>\n<meta property=\"og:description\" content=\"En esta secci\u00f3n podr\u00e1s disfrutar de algunos fragmentos de mis obras, as\u00ed como algunas historias en exclusiva. RELATO CORTO DE CIENCIA FICCI\u00d3N Tras haber huido de su pasado, N\u00edo, un ex-mercenario intergal\u00e1ctico, comienza una nueva vida junto a su mujer Anna y su hija Linda en un planeta lejano, pero su felicidad no tardar\u00e1 en&hellip;&nbsp;Leer m\u00e1s &raquo;MIS HISTORIAS\" \/>\n<meta property=\"og:url\" content=\"https:\/\/civik.es\/index.php\/mis-historias-2\/\" \/>\n<meta property=\"og:site_name\" content=\"A.L. Gallego\" \/>\n<meta property=\"article:modified_time\" content=\"2025-05-21T20:20:23+00:00\" \/>\n<meta property=\"og:image\" content=\"https:\/\/civik.es\/wp-content\/uploads\/2025\/04\/ladecisionI-y-II-1024x770.png\" \/>\n\t<meta property=\"og:image:width\" content=\"1024\" \/>\n\t<meta property=\"og:image:height\" content=\"770\" \/>\n\t<meta property=\"og:image:type\" content=\"image\/png\" \/>\n<meta name=\"twitter:card\" content=\"summary_large_image\" \/>\n<meta name=\"twitter:site\" content=\"@Civikoficial\" \/>\n<meta name=\"twitter:label1\" content=\"Tiempo de lectura\" \/>\n\t<meta name=\"twitter:data1\" content=\"2 minutos\" \/>\n<script type=\"application\/ld+json\" class=\"yoast-schema-graph\">{\"@context\":\"https:\\\/\\\/schema.org\",\"@graph\":[{\"@type\":\"WebPage\",\"@id\":\"https:\\\/\\\/civik.es\\\/index.php\\\/mis-historias-2\\\/\",\"url\":\"https:\\\/\\\/civik.es\\\/index.php\\\/mis-historias-2\\\/\",\"name\":\"MIS HISTORIAS - A.L. Gallego\",\"isPartOf\":{\"@id\":\"https:\\\/\\\/civik.es\\\/#website\"},\"primaryImageOfPage\":{\"@id\":\"https:\\\/\\\/civik.es\\\/index.php\\\/mis-historias-2\\\/#primaryimage\"},\"image\":{\"@id\":\"https:\\\/\\\/civik.es\\\/index.php\\\/mis-historias-2\\\/#primaryimage\"},\"thumbnailUrl\":\"https:\\\/\\\/civik.es\\\/wp-content\\\/uploads\\\/2025\\\/04\\\/ladecisionI-y-II.png\",\"datePublished\":\"2024-07-11T14:51:24+00:00\",\"dateModified\":\"2025-05-21T20:20:23+00:00\",\"breadcrumb\":{\"@id\":\"https:\\\/\\\/civik.es\\\/index.php\\\/mis-historias-2\\\/#breadcrumb\"},\"inLanguage\":\"es\",\"potentialAction\":[{\"@type\":\"ReadAction\",\"target\":[\"https:\\\/\\\/civik.es\\\/index.php\\\/mis-historias-2\\\/\"]}]},{\"@type\":\"ImageObject\",\"inLanguage\":\"es\",\"@id\":\"https:\\\/\\\/civik.es\\\/index.php\\\/mis-historias-2\\\/#primaryimage\",\"url\":\"https:\\\/\\\/civik.es\\\/wp-content\\\/uploads\\\/2025\\\/04\\\/ladecisionI-y-II.png\",\"contentUrl\":\"https:\\\/\\\/civik.es\\\/wp-content\\\/uploads\\\/2025\\\/04\\\/ladecisionI-y-II.png\",\"width\":2000,\"height\":1504},{\"@type\":\"BreadcrumbList\",\"@id\":\"https:\\\/\\\/civik.es\\\/index.php\\\/mis-historias-2\\\/#breadcrumb\",\"itemListElement\":[{\"@type\":\"ListItem\",\"position\":1,\"name\":\"Portada\",\"item\":\"https:\\\/\\\/civik.es\\\/\"},{\"@type\":\"ListItem\",\"position\":2,\"name\":\"MIS HISTORIAS\"}]},{\"@type\":\"WebSite\",\"@id\":\"https:\\\/\\\/civik.es\\\/#website\",\"url\":\"https:\\\/\\\/civik.es\\\/\",\"name\":\"A.L. Gallego\",\"description\":\"&quot;Escritor de fantas\u00eda ligera para adultos que buscan escapar del mundo real.&quot;\",\"publisher\":{\"@id\":\"https:\\\/\\\/civik.es\\\/#\\\/schema\\\/person\\\/b22ef9dba23952d42910a444454e6e60\"},\"alternateName\":\"Novelas\",\"potentialAction\":[{\"@type\":\"SearchAction\",\"target\":{\"@type\":\"EntryPoint\",\"urlTemplate\":\"https:\\\/\\\/civik.es\\\/?s={search_term_string}\"},\"query-input\":{\"@type\":\"PropertyValueSpecification\",\"valueRequired\":true,\"valueName\":\"search_term_string\"}}],\"inLanguage\":\"es\"},{\"@type\":[\"Person\",\"Organization\"],\"@id\":\"https:\\\/\\\/civik.es\\\/#\\\/schema\\\/person\\\/b22ef9dba23952d42910a444454e6e60\",\"name\":\"A.L. gallego\",\"image\":{\"@type\":\"ImageObject\",\"inLanguage\":\"es\",\"@id\":\"https:\\\/\\\/civik.es\\\/wp-content\\\/uploads\\\/2024\\\/03\\\/cropped-dream_TradingCard32123132.jpg\",\"url\":\"https:\\\/\\\/civik.es\\\/wp-content\\\/uploads\\\/2024\\\/03\\\/cropped-dream_TradingCard32123132.jpg\",\"contentUrl\":\"https:\\\/\\\/civik.es\\\/wp-content\\\/uploads\\\/2024\\\/03\\\/cropped-dream_TradingCard32123132.jpg\",\"width\":512,\"height\":512,\"caption\":\"A.L. gallego\"},\"logo\":{\"@id\":\"https:\\\/\\\/civik.es\\\/wp-content\\\/uploads\\\/2024\\\/03\\\/cropped-dream_TradingCard32123132.jpg\"},\"sameAs\":[\"http:\\\/\\\/civik.es\",\"Civikoficial\",\"https:\\\/\\\/x.com\\\/Civikoficial\"]}]}<\/script>\n<!-- \/ Yoast SEO plugin. -->","yoast_head_json":{"title":"MIS HISTORIAS - A.L. Gallego","robots":{"index":"index","follow":"follow","max-snippet":"max-snippet:-1","max-image-preview":"max-image-preview:large","max-video-preview":"max-video-preview:-1"},"canonical":"https:\/\/civik.es\/index.php\/mis-historias-2\/","og_locale":"es_ES","og_type":"article","og_title":"MIS HISTORIAS - A.L. Gallego","og_description":"En esta secci\u00f3n podr\u00e1s disfrutar de algunos fragmentos de mis obras, as\u00ed como algunas historias en exclusiva. RELATO CORTO DE CIENCIA FICCI\u00d3N Tras haber huido de su pasado, N\u00edo, un ex-mercenario intergal\u00e1ctico, comienza una nueva vida junto a su mujer Anna y su hija Linda en un planeta lejano, pero su felicidad no tardar\u00e1 en&hellip;&nbsp;Leer m\u00e1s &raquo;MIS HISTORIAS","og_url":"https:\/\/civik.es\/index.php\/mis-historias-2\/","og_site_name":"A.L. Gallego","article_modified_time":"2025-05-21T20:20:23+00:00","og_image":[{"width":1024,"height":770,"url":"https:\/\/civik.es\/wp-content\/uploads\/2025\/04\/ladecisionI-y-II-1024x770.png","type":"image\/png"}],"twitter_card":"summary_large_image","twitter_site":"@Civikoficial","twitter_misc":{"Tiempo de lectura":"2 minutos"},"schema":{"@context":"https:\/\/schema.org","@graph":[{"@type":"WebPage","@id":"https:\/\/civik.es\/index.php\/mis-historias-2\/","url":"https:\/\/civik.es\/index.php\/mis-historias-2\/","name":"MIS HISTORIAS - A.L. Gallego","isPartOf":{"@id":"https:\/\/civik.es\/#website"},"primaryImageOfPage":{"@id":"https:\/\/civik.es\/index.php\/mis-historias-2\/#primaryimage"},"image":{"@id":"https:\/\/civik.es\/index.php\/mis-historias-2\/#primaryimage"},"thumbnailUrl":"https:\/\/civik.es\/wp-content\/uploads\/2025\/04\/ladecisionI-y-II.png","datePublished":"2024-07-11T14:51:24+00:00","dateModified":"2025-05-21T20:20:23+00:00","breadcrumb":{"@id":"https:\/\/civik.es\/index.php\/mis-historias-2\/#breadcrumb"},"inLanguage":"es","potentialAction":[{"@type":"ReadAction","target":["https:\/\/civik.es\/index.php\/mis-historias-2\/"]}]},{"@type":"ImageObject","inLanguage":"es","@id":"https:\/\/civik.es\/index.php\/mis-historias-2\/#primaryimage","url":"https:\/\/civik.es\/wp-content\/uploads\/2025\/04\/ladecisionI-y-II.png","contentUrl":"https:\/\/civik.es\/wp-content\/uploads\/2025\/04\/ladecisionI-y-II.png","width":2000,"height":1504},{"@type":"BreadcrumbList","@id":"https:\/\/civik.es\/index.php\/mis-historias-2\/#breadcrumb","itemListElement":[{"@type":"ListItem","position":1,"name":"Portada","item":"https:\/\/civik.es\/"},{"@type":"ListItem","position":2,"name":"MIS HISTORIAS"}]},{"@type":"WebSite","@id":"https:\/\/civik.es\/#website","url":"https:\/\/civik.es\/","name":"A.L. Gallego","description":"&quot;Escritor de fantas\u00eda ligera para adultos que buscan escapar del mundo real.&quot;","publisher":{"@id":"https:\/\/civik.es\/#\/schema\/person\/b22ef9dba23952d42910a444454e6e60"},"alternateName":"Novelas","potentialAction":[{"@type":"SearchAction","target":{"@type":"EntryPoint","urlTemplate":"https:\/\/civik.es\/?s={search_term_string}"},"query-input":{"@type":"PropertyValueSpecification","valueRequired":true,"valueName":"search_term_string"}}],"inLanguage":"es"},{"@type":["Person","Organization"],"@id":"https:\/\/civik.es\/#\/schema\/person\/b22ef9dba23952d42910a444454e6e60","name":"A.L. gallego","image":{"@type":"ImageObject","inLanguage":"es","@id":"https:\/\/civik.es\/wp-content\/uploads\/2024\/03\/cropped-dream_TradingCard32123132.jpg","url":"https:\/\/civik.es\/wp-content\/uploads\/2024\/03\/cropped-dream_TradingCard32123132.jpg","contentUrl":"https:\/\/civik.es\/wp-content\/uploads\/2024\/03\/cropped-dream_TradingCard32123132.jpg","width":512,"height":512,"caption":"A.L. gallego"},"logo":{"@id":"https:\/\/civik.es\/wp-content\/uploads\/2024\/03\/cropped-dream_TradingCard32123132.jpg"},"sameAs":["http:\/\/civik.es","Civikoficial","https:\/\/x.com\/Civikoficial"]}]}},"_links":{"self":[{"href":"https:\/\/civik.es\/index.php\/wp-json\/wp\/v2\/pages\/613","targetHints":{"allow":["GET"]}}],"collection":[{"href":"https:\/\/civik.es\/index.php\/wp-json\/wp\/v2\/pages"}],"about":[{"href":"https:\/\/civik.es\/index.php\/wp-json\/wp\/v2\/types\/page"}],"author":[{"embeddable":true,"href":"https:\/\/civik.es\/index.php\/wp-json\/wp\/v2\/users\/1"}],"replies":[{"embeddable":true,"href":"https:\/\/civik.es\/index.php\/wp-json\/wp\/v2\/comments?post=613"}],"version-history":[{"count":37,"href":"https:\/\/civik.es\/index.php\/wp-json\/wp\/v2\/pages\/613\/revisions"}],"predecessor-version":[{"id":907,"href":"https:\/\/civik.es\/index.php\/wp-json\/wp\/v2\/pages\/613\/revisions\/907"}],"wp:attachment":[{"href":"https:\/\/civik.es\/index.php\/wp-json\/wp\/v2\/media?parent=613"}],"curies":[{"name":"wp","href":"https:\/\/api.w.org\/{rel}","templated":true}]}}